{"id":6585,"date":"2021-01-20T14:18:08","date_gmt":"2021-01-20T13:18:08","guid":{"rendered":"https:\/\/www.igomorocco.com\/?page_id=6585"},"modified":"2024-09-11T20:19:13","modified_gmt":"2024-09-11T18:19:13","slug":"excursiones-desde-marrakech","status":"publish","type":"page","link":"https:\/\/www.igomorocco.com\/es\/excursiones-desde-marrakech\/","title":{"rendered":"Excursiones desde Marrakech"},"content":{"rendered":"<div class='e-content'>\n<div class=\"one withsmallpadding \" style=\"text-align: justify;\">\n<div class=\"page_content_wrapper\">\n<h2 align=\"center\">Excursiones desde Marrakech<\/h2>\n<p>Desde hace m\u00e1s de una d\u00e9cada Excursiones Marrakech opera tours en el desierto que le llevan de su alojamiento u hotel y de regreso. Los tours pueden ser compartidos o privados, y pueden tener una duraci\u00f3n desde un d\u00eda hasta cuatro d\u00edas.<br>Los viajes tiene lugar en un c\u00f3modo veh\u00edculo con aire acondicionado conducido por profesionales, y usted y su grupo descubrir\u00e1n los secretos del desierto marroqu\u00ed con personal entusiasta, cort\u00e9s y conocedor de la regi\u00f3n. Los tours desde Marrakech le llevar\u00e1n a un escenario m\u00e1s silencioso y tranquilo. El ajetreo y bullicio de la ciudad quedar\u00e1n atr\u00e1s conforme nos dirigimos a los maravillosos lugares que el desierto ofrece. Usted y su grupo ser\u00e1n testigos de la magia de <a title=\"las Cascadas de Ouzoud\" href=\"https:\/\/www.igomorocco.com\/es\/tours\/cascadas-de-ouzoud-desde-marrakech\/\">las Cascadas de Ouzoud<\/a>, del <a title=\"Valle de Ourika\" href=\"http:\/\/www.igomorocco.com\/es\/tours\/excursion-valle-ourika\/\">Valle de Ourika<\/a> y de sus alrededores, donde palmeras y oasis les dar\u00e1n la bienvenida desde cada rinc\u00f3n. Visitar\u00e1 las Kasbahs \u2013 como la famosa situada en <a title=\" Kasbah Ait Ben Haddou\" href=\"https:\/\/www.igomorocco.com\/es\/tours\/excursion-desierto-marrakech-1-dia\/\">Ait Ben Haddou<\/a> (designada Patrimonio de la Humanidad y poblado Bereber fortificado). Se puede llegar a la ciudad costera de <a title=\" excursion essaouira desde marrakech\" href=\"https:\/\/www.igomorocco.com\/es\/tours\/excursion-a-essaouira-desde-marrakech\/\">Essaouira<\/a> en cuesti\u00f3n de un d\u00eda, una ciudad cuya magia asombrar\u00e1 a todos los miembros del tour. Excursiones Marrakech puede llevar a los m\u00e1s aventureros al desierto para que puedan disfrutar de la experiencia de <a title=\" paseo en camello marrakech\" href=\"https:\/\/www.igomorocco.com\/es\/tours\/paseo-en-camello-marrakech\/\">montar en camello<\/a> o en cuatriciclo. <a title=\" Marrakech cuatriciclo\" href=\"https:\/\/www.igomorocco.com\/es\/tours\/quad-marrakech\/\">Los viajes en cuatriciclo<\/a> tienen lugar alrededor de la regi\u00f3n del Palmeral de Marrakech en las afueras de la ciudad. La experiencia de montar en camello tiene lugar en el Palmerai, pudiendo estar de vuelta en su hotel a la hora de cenar. Hay mucho que hacer en una excursi\u00f3n fuera de Marrakech. Estas aventuras incluyen cenas de gala en un restaurante- palacio marroqu\u00ed. Disfrutar\u00e1 de un espect\u00e1culo de fuegos artificiales, caballos al galope y de varios platos marroqu\u00edes deliciosos. Las excursiones le llevar\u00e1n a usted y a su grupo de regreso a su hotel al finalizar el evento. Entre los viajes de un d\u00eda fuera de Marrakech se incluye el viaje a la Kasbah. La Kasbah en Ait Ben Haddou es ideal para aquellos que solo pueden pasar un d\u00eda fuera de la ciudad. Un viaje de un d\u00eda fuera de Marrakech tambi\u00e9n puede consistir en la visita a la maravillosa y m\u00e1gica ciudad de Ouarzazate \u2013 base de varias compa\u00f1\u00edas cinematogr\u00e1ficas que utilizan los paisajes del S\u00e1hara como tel\u00f3n de fondo en la producci\u00f3n de \u00e9xitos de taquilla.<\/p>\n<\/div>\n<\/div>\n<div class=\"ppb_tour one withpadding nopadding \">\n<div class=\"page_content_wrapper \" style=\"text-align: center;\">\n<div class=\"portfolio_filter_wrapper three_cols shortcode gallery section content clearfix\">\n<div class=\"element portfolio3filter_wrapper\">\n<div class=\"one_third gallery3 filterable gallery_type animated1\"><a href=\"https:\/\/www.igomorocco.com\/es\/tours\/excursion-desierto-agafay\/\"> <img decoding=\"async\" src=\"http:\/\/igomorocco.com\/wp-content\/uploads\/2023\/02\/Agafay-desert-Marrakech-560x460.jpg\" alt=\"agafay desert\"> <\/a>\n<div class=\"thumb_content \">\n<div class=\"thumb_title\">\n<h3>Excursi\u00f3n de un d\u00eda al desierto de Agafay desde Marrakech<\/h3>\n<\/div>\n<div class=\"thumb_meta\">\n<div class=\"tour_days\">1 D\u00cdA<\/div>\n<div class=\"tour_price\">\u20ac45<\/div>\n<\/div>\n<\/div>\n<\/div>\n<\/div>\n<div class=\"element portfolio3filter_wrapper\">\n<div class=\"one_third gallery3 filterable gallery_type animated2\"><a href=\"https:\/\/www.igomorocco.com\/es\/tours\/paseo-en-camello-marrakech\/\"><br><img decoding=\"async\" src=\"http:\/\/igomorocco.com\/wp-content\/uploads\/2018\/12\/Camel-ride-Marrakech-560x460.jpg\" alt=\"camel ride\"><br><\/a>&nbsp;&nbsp;\n<div class=\"thumb_content  \">\n<div class=\"thumb_title\">\n<h3>Marrakech Paseos en camello, desierto y palmeral de Marrakech<\/h3>\n<\/div>\n<div class=\"thumb_meta\">\n<div class=\"tour_days\">1 Day<\/div>\n<div class=\"tour_price\">\u20ac27<\/div>\n<\/div>\n<\/div>\n<\/div>\n<\/div>\n<div class=\"element portfolio3filter_wrapper\">\n<div class=\"one_third gallery3 filterable gallery_type animated3\"><a href=\"https:\/\/www.igomorocco.com\/es\/tours\/quad-marrakech\/\"><br><img decoding=\"async\" src=\"http:\/\/igomorocco.com\/wp-content\/uploads\/2018\/12\/quad-marrakech-maroc-e1604267460780-560x460.jpg\" alt=\"quad marrakech\"><\/a>\n<div class=\"thumb_content  \">\n<div class=\"thumb_title\">\n<h3>Tour en quad por el palmeral y el desierto de Marrakech<\/h3>\n<\/div>\n<div class=\"thumb_meta\">\n<div class=\"tour_days\">1 Day<\/div>\n<div class=\"tour_price\">\u20ac45<\/div>\n<\/div>\n<\/div>\n<\/div>\n<\/div>\n<div class=\"element portfolio3filter_wrapper\">\n<div class=\"one_third gallery3 filterable gallery_type animated4\"><a href=\"http:\/\/igomorocco.com\/es\/tours\/chez-ali-marrakech\/\"><br><img decoding=\"async\" src=\"http:\/\/igomorocco.com\/wp-content\/uploads\/2018\/12\/1-560x460.jpg\" alt=\"chez ali\"><br><\/a>\n<div class=\"thumb_content  \">\n<div class=\"thumb_title\">\n<h3>Cena y espect\u00e1culo de fantas\u00eda en Chez Ali, Marrakech<\/h3>\n<\/div>\n<div class=\"thumb_meta\">\n<div class=\"tour_days\">1 Day<\/div>\n<div class=\"tour_price\">\u20ac49<\/div>\n<\/div>\n<\/div>\n<\/div>\n<\/div>\n<div class=\"element portfolio3filter_wrapper\">\n<div class=\"one_third gallery3 filterable gallery_type animated5\"><a href=\"https:\/\/www.igomorocco.com\/es\/tours\/ascension-al-toubkal\/\"><br><img decoding=\"async\" src=\"http:\/\/igomorocco.com\/wp-content\/uploads\/2018\/12\/Kasbah-du-Toubkal-Lead1-560x460.jpg\" alt=\"mount toubkal\"><br><\/a>\n<div class=\"thumb_content  \">\n<div class=\"thumb_title\">\n<h3>Ascensi\u00f3n al monte Toubkal en 2 d\u00edas desde Marrakech<\/h3>\n<\/div>\n<div class=\"thumb_meta\">\n<div class=\"tour_days\">2 Days<\/div>\n<div class=\"tour_price\">\u20ac115<\/div>\n<\/div>\n<\/div>\n<\/div>\n<\/div>\n<div class=\"element portfolio3filter_wrapper\">\n<div class=\"one_third gallery3 filterable gallery_type animated6\"><a href=\"https:\/\/www.igomorocco.com\/es\/tours\/excursion-valle-ourika\/\"><br><img decoding=\"async\" src=\"http:\/\/igomorocco.com\/wp-content\/uploads\/2018\/12\/20170410_154632-560x460.jpg\" alt=\"ourika\"><br><\/a>\n<div class=\"thumb_content  \">\n<div class=\"thumb_title\">\n<h3>Excursi\u00f3n desde Marrakech al valle de Ourika cascadas<\/h3>\n<\/div>\n<div class=\"thumb_meta\">\n<div class=\"tour_days\">1 Day<\/div>\n<div class=\"tour_price\">\u20ac20<\/div>\n<\/div>\n<\/div>\n<\/div>\n<\/div>\n<div class=\"element portfolio3filter_wrapper\">\n<div class=\"one_third gallery3 filterable gallery_type animated7\"><a href=\"https:\/\/www.igomorocco.com\/es\/tours\/excursion-desierto-marrakech-1-dia\/\"><br><img decoding=\"async\" src=\"http:\/\/igomorocco.com\/wp-content\/uploads\/2018\/12\/maxresdefault-560x460.jpg\" alt=\"kasbah ait ben haddou\"><br><\/a>\n<div class=\"thumb_content  \">\n<div class=\"thumb_title\">\n<h3>Excursi\u00f3n desde Marrakech a Ouarzazate Ait Ben Haddou<\/h3>\n<\/div>\n<div class=\"thumb_meta\">\n<div class=\"tour_days\">1 Day<\/div>\n<div class=\"tour_price\">\u20ac30<\/div>\n<\/div>\n<\/div>\n<\/div>\n<\/div>\n<div class=\"element portfolio3filter_wrapper\">\n<div class=\"one_third gallery3 filterable gallery_type animated8\"><a href=\"https:\/\/www.igomorocco.com\/es\/tours\/excursion-a-essaouira-desde-marrakech\/\"><br><img decoding=\"async\" src=\"http:\/\/igomorocco.com\/wp-content\/uploads\/2018\/12\/essaouira-1953633_1920-560x460.jpg\" alt=\"essaouira\"><br><\/a>\n<div class=\"thumb_content  \">\n<div class=\"thumb_title\">\n<h3>Excursi\u00f3n de un d\u00eda desde Marrakech a Essaouira<\/h3>\n<\/div>\n<div class=\"thumb_meta\">\n<div class=\"tour_days\">1 Day<\/div>\n<div class=\"tour_price\">\u20ac25<\/div>\n<\/div>\n<\/div>\n<\/div>\n<\/div>\n<div class=\"element portfolio3filter_wrapper\">\n<div class=\"one_third gallery3 filterable gallery_type animated9\"><a href=\"https:\/\/www.igomorocco.com\/es\/tours\/cascadas-de-ouzoud-desde-marrakech\/\"><br><img decoding=\"async\" src=\"http:\/\/igomorocco.com\/wp-content\/uploads\/2018\/12\/Panoramic-view-of-the-Ouzoud-Waterfalls-1-560x460.jpg\" alt=\"Ouzoud waterfalls\"><br><\/a>\n<div class=\"thumb_content  \">\n<div class=\"thumb_title\">\n<h3>Excursi\u00f3n a Las Cascadas de Ouzoud desde Marrakech<\/h3>\n<\/div>\n<div class=\"thumb_meta\">\n<div class=\"tour_days\">1 Day<\/div>\n<div class=\"tour_price\">\u20ac25<\/div>\n<\/div>\n<\/div>\n<\/div>\n<\/div>\n<\/div>\n<\/div>\n<\/div>\n<div class=\"divider one\">&nbsp;<\/div>\n<\/div>","protected":false},"excerpt":{"rendered":"<div class='e-content p-summary'>Excursiones desde Marrakech Desde hace m\u00e1s de una d\u00e9cada Excursiones Marrakech opera tours en el desierto que le llevan de su alojamiento u hotel y de regreso. Los tours pueden ser compartidos o privados, y pueden tener una duraci\u00f3n desde un d\u00eda hasta cuatro d\u00edas.Los viajes [&hellip;]<\/div>\n","protected":false},"author":2,"featured_media":4227,"parent":0,"menu_order":0,"comment_status":"closed","ping_status":"closed","template":"","meta":{"footnotes":""},"class_list":["post-6585","page","type-page","status-publish","has-post-thumbnail"],"yoast_head":"<!-- This site is optimized with the Yoast SEO Premium plugin v26.4 (Yoast SEO v26.8) - https:\/\/yoast.com\/product\/yoast-seo-premium-wordpress\/ -->\n<title>Excursiones desde Marrakech &#8211; IGoMorocco - Marrakech Desert Tours &amp; Day Trips<\/title>\n<meta name=\"description\" content=\"Excursiones desde Marrakech Desde hace m\u00e1s de una d\u00e9cada Excursiones Marrakech opera tours en el desierto que le llevan de su alojamiento u hotel y de\" \/>\n<meta name=\"robots\" content=\"index, follow, max-snippet:-1, max-image-preview:large, max-video-preview:-1\" \/>\n<link rel=\"canonical\" href=\"https:\/\/www.igomorocco.com\/es\/excursiones-desde-marrakech\/\" \/>\n<meta name=\"twitter:card\" content=\"summary_large_image\" \/>\n<meta name=\"twitter:title\" content=\"Excursiones desde Marrakech &#8211; IGoMorocco - Marrakech Desert Tours &amp; Day Trips\" \/>\n<meta name=\"twitter:description\" content=\"Excursiones desde Marrakech Desde hace m\u00e1s de una d\u00e9cada Excursiones Marrakech opera tours en el desierto que le llevan de su alojamiento u hotel y de\" \/>\n<meta name=\"twitter:image\" content=\"https:\/\/www.igomorocco.com\/wp-content\/uploads\/2018\/12\/0-8.jpg\" \/>\n<meta name=\"twitter:label1\" content=\"Tiempo de lectura\" \/>\n\t<meta name=\"twitter:data1\" content=\"4 minutos\" \/>\n<script type=\"application\/ld+json\" class=\"yoast-schema-graph\">{\"@context\":\"https:\/\/schema.org\",\"@graph\":[{\"@type\":\"WebPage\",\"@id\":\"https:\/\/www.igomorocco.com\/es\/excursiones-desde-marrakech\/\",\"url\":\"https:\/\/www.igomorocco.com\/es\/excursiones-desde-marrakech\/\",\"name\":\"Excursiones desde Marrakech &#8211; IGoMorocco - Marrakech Desert Tours &amp; Day Trips\",\"isPartOf\":{\"@id\":\"https:\/\/www.igomorocco.com\/es\/#website\"},\"primaryImageOfPage\":{\"@id\":\"https:\/\/www.igomorocco.com\/es\/excursiones-desde-marrakech\/#primaryimage\"},\"image\":{\"@id\":\"https:\/\/www.igomorocco.com\/es\/excursiones-desde-marrakech\/#primaryimage\"},\"thumbnailUrl\":\"https:\/\/www.igomorocco.com\/wp-content\/uploads\/2018\/12\/0-8.jpg\",\"datePublished\":\"2021-01-20T13:18:08+00:00\",\"dateModified\":\"2024-09-11T18:19:13+00:00\",\"description\":\"Excursiones desde Marrakech Desde hace m\u00e1s de una d\u00e9cada Excursiones Marrakech opera tours en el desierto que le llevan de su alojamiento u hotel y de\",\"breadcrumb\":{\"@id\":\"https:\/\/www.igomorocco.com\/es\/excursiones-desde-marrakech\/#breadcrumb\"},\"inLanguage\":\"es\",\"potentialAction\":[{\"@type\":\"ReadAction\",\"target\":[\"https:\/\/www.igomorocco.com\/es\/excursiones-desde-marrakech\/\"]}]},{\"@type\":\"ImageObject\",\"inLanguage\":\"es\",\"@id\":\"https:\/\/www.igomorocco.com\/es\/excursiones-desde-marrakech\/#primaryimage\",\"url\":\"https:\/\/www.igomorocco.com\/wp-content\/uploads\/2018\/12\/0-8.jpg\",\"contentUrl\":\"https:\/\/www.igomorocco.com\/wp-content\/uploads\/2018\/12\/0-8.jpg\",\"width\":1500,\"height\":600,\"caption\":\"Morocco desert tours\"},{\"@type\":\"BreadcrumbList\",\"@id\":\"https:\/\/www.igomorocco.com\/es\/excursiones-desde-marrakech\/#breadcrumb\",\"itemListElement\":[{\"@type\":\"ListItem\",\"position\":1,\"name\":\"Home\",\"item\":\"https:\/\/www.igomorocco.com\/es\/\"},{\"@type\":\"ListItem\",\"position\":2,\"name\":\"Excursiones desde Marrakech\"}]},{\"@type\":\"WebSite\",\"@id\":\"https:\/\/www.igomorocco.com\/es\/#website\",\"url\":\"https:\/\/www.igomorocco.com\/es\/\",\"name\":\"IGoMorocco - Marrakech Desert Tours &amp; Day Trips\",\"description\":\"\",\"publisher\":{\"@id\":\"https:\/\/www.igomorocco.com\/es\/#organization\"},\"potentialAction\":[{\"@type\":\"SearchAction\",\"target\":{\"@type\":\"EntryPoint\",\"urlTemplate\":\"https:\/\/www.igomorocco.com\/es\/?s={search_term_string}\"},\"query-input\":{\"@type\":\"PropertyValueSpecification\",\"valueRequired\":true,\"valueName\":\"search_term_string\"}}],\"inLanguage\":\"es\"},{\"@type\":\"Organization\",\"@id\":\"https:\/\/www.igomorocco.com\/es\/#organization\",\"name\":\"IGoMorocco\",\"url\":\"https:\/\/www.igomorocco.com\/es\/\",\"logo\":{\"@type\":\"ImageObject\",\"inLanguage\":\"es\",\"@id\":\"https:\/\/www.igomorocco.com\/es\/#\/schema\/logo\/image\/\",\"url\":\"https:\/\/www.igomorocco.com\/wp-content\/uploads\/2021\/10\/Logo-I-GO-MOROCCO-01-1.png\",\"contentUrl\":\"https:\/\/www.igomorocco.com\/wp-content\/uploads\/2021\/10\/Logo-I-GO-MOROCCO-01-1.png\",\"width\":4961,\"height\":1772,\"caption\":\"IGoMorocco\"},\"image\":{\"@id\":\"https:\/\/www.igomorocco.com\/es\/#\/schema\/logo\/image\/\"}}]}<\/script>\n<!-- \/ Yoast SEO Premium plugin. -->","yoast_head_json":{"title":"Excursiones desde Marrakech &#8211; IGoMorocco - Marrakech Desert Tours &amp; Day Trips","description":"Excursiones desde Marrakech Desde hace m\u00e1s de una d\u00e9cada Excursiones Marrakech opera tours en el desierto que le llevan de su alojamiento u hotel y de","robots":{"index":"index","follow":"follow","max-snippet":"max-snippet:-1","max-image-preview":"max-image-preview:large","max-video-preview":"max-video-preview:-1"},"canonical":"https:\/\/www.igomorocco.com\/es\/excursiones-desde-marrakech\/","twitter_card":"summary_large_image","twitter_title":"Excursiones desde Marrakech &#8211; IGoMorocco - Marrakech Desert Tours &amp; Day Trips","twitter_description":"Excursiones desde Marrakech Desde hace m\u00e1s de una d\u00e9cada Excursiones Marrakech opera tours en el desierto que le llevan de su alojamiento u hotel y de","twitter_image":"https:\/\/www.igomorocco.com\/wp-content\/uploads\/2018\/12\/0-8.jpg","twitter_misc":{"Tiempo de lectura":"4 minutos"},"schema":{"@context":"https:\/\/schema.org","@graph":[{"@type":"WebPage","@id":"https:\/\/www.igomorocco.com\/es\/excursiones-desde-marrakech\/","url":"https:\/\/www.igomorocco.com\/es\/excursiones-desde-marrakech\/","name":"Excursiones desde Marrakech &#8211; IGoMorocco - Marrakech Desert Tours &amp; Day Trips","isPartOf":{"@id":"https:\/\/www.igomorocco.com\/es\/#website"},"primaryImageOfPage":{"@id":"https:\/\/www.igomorocco.com\/es\/excursiones-desde-marrakech\/#primaryimage"},"image":{"@id":"https:\/\/www.igomorocco.com\/es\/excursiones-desde-marrakech\/#primaryimage"},"thumbnailUrl":"https:\/\/www.igomorocco.com\/wp-content\/uploads\/2018\/12\/0-8.jpg","datePublished":"2021-01-20T13:18:08+00:00","dateModified":"2024-09-11T18:19:13+00:00","description":"Excursiones desde Marrakech Desde hace m\u00e1s de una d\u00e9cada Excursiones Marrakech opera tours en el desierto que le llevan de su alojamiento u hotel y de","breadcrumb":{"@id":"https:\/\/www.igomorocco.com\/es\/excursiones-desde-marrakech\/#breadcrumb"},"inLanguage":"es","potentialAction":[{"@type":"ReadAction","target":["https:\/\/www.igomorocco.com\/es\/excursiones-desde-marrakech\/"]}]},{"@type":"ImageObject","inLanguage":"es","@id":"https:\/\/www.igomorocco.com\/es\/excursiones-desde-marrakech\/#primaryimage","url":"https:\/\/www.igomorocco.com\/wp-content\/uploads\/2018\/12\/0-8.jpg","contentUrl":"https:\/\/www.igomorocco.com\/wp-content\/uploads\/2018\/12\/0-8.jpg","width":1500,"height":600,"caption":"Morocco desert tours"},{"@type":"BreadcrumbList","@id":"https:\/\/www.igomorocco.com\/es\/excursiones-desde-marrakech\/#breadcrumb","itemListElement":[{"@type":"ListItem","position":1,"name":"Home","item":"https:\/\/www.igomorocco.com\/es\/"},{"@type":"ListItem","position":2,"name":"Excursiones desde Marrakech"}]},{"@type":"WebSite","@id":"https:\/\/www.igomorocco.com\/es\/#website","url":"https:\/\/www.igomorocco.com\/es\/","name":"IGoMorocco - Marrakech Desert Tours &amp; Day Trips","description":"","publisher":{"@id":"https:\/\/www.igomorocco.com\/es\/#organization"},"potentialAction":[{"@type":"SearchAction","target":{"@type":"EntryPoint","urlTemplate":"https:\/\/www.igomorocco.com\/es\/?s={search_term_string}"},"query-input":{"@type":"PropertyValueSpecification","valueRequired":true,"valueName":"search_term_string"}}],"inLanguage":"es"},{"@type":"Organization","@id":"https:\/\/www.igomorocco.com\/es\/#organization","name":"IGoMorocco","url":"https:\/\/www.igomorocco.com\/es\/","logo":{"@type":"ImageObject","inLanguage":"es","@id":"https:\/\/www.igomorocco.com\/es\/#\/schema\/logo\/image\/","url":"https:\/\/www.igomorocco.com\/wp-content\/uploads\/2021\/10\/Logo-I-GO-MOROCCO-01-1.png","contentUrl":"https:\/\/www.igomorocco.com\/wp-content\/uploads\/2021\/10\/Logo-I-GO-MOROCCO-01-1.png","width":4961,"height":1772,"caption":"IGoMorocco"},"image":{"@id":"https:\/\/www.igomorocco.com\/es\/#\/schema\/logo\/image\/"}}]}},"_links":{"self":[{"href":"https:\/\/www.igomorocco.com\/es\/wp-json\/wp\/v2\/pages\/6585","targetHints":{"allow":["GET"]}}],"collection":[{"href":"https:\/\/www.igomorocco.com\/es\/wp-json\/wp\/v2\/pages"}],"about":[{"href":"https:\/\/www.igomorocco.com\/es\/wp-json\/wp\/v2\/types\/page"}],"author":[{"embeddable":true,"href":"https:\/\/www.igomorocco.com\/es\/wp-json\/wp\/v2\/users\/2"}],"replies":[{"embeddable":true,"href":"https:\/\/www.igomorocco.com\/es\/wp-json\/wp\/v2\/comments?post=6585"}],"version-history":[{"count":5,"href":"https:\/\/www.igomorocco.com\/es\/wp-json\/wp\/v2\/pages\/6585\/revisions"}],"predecessor-version":[{"id":9454,"href":"https:\/\/www.igomorocco.com\/es\/wp-json\/wp\/v2\/pages\/6585\/revisions\/9454"}],"wp:featuredmedia":[{"embeddable":true,"href":"https:\/\/www.igomorocco.com\/es\/wp-json\/wp\/v2\/media\/4227"}],"wp:attachment":[{"href":"https:\/\/www.igomorocco.com\/es\/wp-json\/wp\/v2\/media?parent=6585"}],"curies":[{"name":"wp","href":"https:\/\/api.w.org\/{rel}","templated":true}]}}