{"id":4236,"date":"2018-12-08T20:14:27","date_gmt":"2018-12-08T19:14:27","guid":{"rendered":"https:\/\/www.igomorocco.com\/shared-marrakech-desert-tours\/"},"modified":"2020-11-11T18:36:04","modified_gmt":"2020-11-11T17:36:04","slug":"excursion-compartida-desierto-marrakech","status":"publish","type":"page","link":"https:\/\/www.igomorocco.com\/es\/excursion-compartida-desierto-marrakech\/","title":{"rendered":"Excursiones compartidas al desierto desde Marrakech"},"content":{"rendered":"<div class='e-content'>\n<div class=\"one withsmallpadding \" style=\"text-align: justify;\" >\n<div class=\"page_content_wrapper\">\n<h2 align=\"center\">TOURS COMPARTIDOS POR EL DESIERTO<\/h2>\n<p>Los tours compartidos por el desierto parten de Marrakech y se adentran en las dunas de Zagora todos los d\u00edas. Los peque\u00f1os grupos est\u00e1n a menudo formados por viajeros interesados de todas las edades y de todas partes del mundo. Adem\u00e1s de las dunas de Zagora, podemos encontrar otros paisajes des\u00e9rticos en lugares como Merzouga y Erg Chebbi. Estos tours tienen muchas variantes que incluyen viajes de un d\u00eda, as\u00ed como aventuras de dos, tres y cuatro d\u00edas, en los que turistas intr\u00e9pidos conocer\u00e1n el S\u00e1hara marroqu\u00ed de cerca y en persona.<br \/>\nTenga en cuenta tambi\u00e9n que su grupo pasar\u00e1 junto todo el d\u00eda lo que supone una oportunidad fant\u00e1stica para conocer a gente nueva y hacer nuevos amigos. Los tours compartidos por el desierto llevan haci\u00e9ndose varios a\u00f1os. Esto significa que la experiencia y saber hacer de los operadores est\u00e1n en su punto \u00e1lgido. Los grupos de los tours compartidos por el desierto desde Marrakech al S\u00e1hara marroqu\u00ed son muy diversos y se ajustan a todos los gustos. Un tour por el desierto de dos d\u00edas desde Marrakech a las dunas de Zagora, o tres d\u00edas en el desierto desde Marrakech a Merzouga y, despu\u00e9s la majestuosa belleza de las dunas de Erg Chebbi, forman la base de nuestros muchos tours en el desierto marroqu\u00ed. Los tours compartidos incluyen incluso la maravillosa belleza de la ciudad de Fez. En este tour ver\u00e1 el desierto y atravesar\u00e1 el famoso paso Tizi-n- Tichka Pass conforme nuestro grupo se abre paso a trav\u00e9s de las monta\u00f1as del Alto Atlas.<br \/>\nLa mayor parte de los tours compartidos ver\u00e1n la Kasbah en Ait Ben Haddou \u2013 un poblado fortificado y una localizaci\u00f3n que tantos sets de rodaje han utilizado como tel\u00f3n de fondo. El tour tambi\u00e9n incluye los estudios de cine situados cerca de la Kasbah en Taourirt, cientos de monumentos hist\u00f3ricos, el Valle de las Rosas y Boulmaine Dades.<br \/>\nDormir Bajo las Estrellas en un Campamento Bereber en el Desierto. Los tours compartidos generalmente hacen parada en campamentos en el desierto a los que se llega en camello. Los camellos nos llevar\u00e1n al campamento a la hora exacta para poder disfrutar de la puesta de sol por la tarde y del amanecer al regresar por la ma\u00f1ana.<br \/>\nLa noche transcurre escuchando instrumentos marroqu\u00edes tradicionales, observando las estrellas en el firmamento y disfrutando de una copiosa cena tradicional Bereber.<\/p>\n<\/div>\n<\/div>\n<div class=\"ppb_tour one withpadding nopadding \" >\n<div class=\"page_content_wrapper \" style=\"text-align:center\">\n<div class=\"portfolio_filter_wrapper three_cols shortcode gallery section content clearfix\">\n<div class=\"element portfolio3filter_wrapper\">\n<div class=\"one_third gallery3 filterable gallery_type animated1\"><a href=\"http:\/\/igomorocco.com\/es\/tours\/excursion-desierto-marrakech-2-dias\/\"><br \/>\n        \t\t    <img decoding=\"async\" src=\"http:\/\/igomorocco.com\/wp-content\/uploads\/2014\/10\/morocco-desert-adventures-560x460.jpg\" alt=\"\" \/><br \/>\n        \t\t<\/a><\/p>\n<div class=\"thumb_content  \">\n<div class=\"thumb_title\">\n<h3>Excursi\u00f3n al desierto de Marrakech a Zagora<\/h3>\n<\/p><\/div>\n<div class=\"thumb_meta\">\n<div class=\"tour_days\">\n\t            \t\t2 Days\n\t            \t<\/div>\n<div class=\"tour_price\">\n\t            \t\t\u20ac59\n\t            \t<\/div>\n<\/div>\n<\/div>\n<\/div>\n<\/div>\n<div class=\"element portfolio3filter_wrapper\">\n<div class=\"one_third gallery3 filterable gallery_type animated2\"><a href=\"http:\/\/igomorocco.com\/es\/tours\/excursion-desierto-marrakech-3-dias\/\"><br \/>\n        \t\t    <img decoding=\"async\" src=\"http:\/\/igomorocco.com\/wp-content\/uploads\/2019\/01\/merzouga-voyage-560x460.gif\" alt=\"\" \/><br \/>\n        \t\t<\/a><\/p>\n<div class=\"thumb_content  \">\n<div class=\"thumb_title\">\n<h3>Tour por el Desierto de 3 D\u00edas desde Marrakech<\/h3>\n<\/p><\/div>\n<div class=\"thumb_meta\">\n<div class=\"tour_days\">\n\t            \t\t3 Days\n\t            \t<\/div>\n<div class=\"tour_price\">\n\t            \t\t\u20ac87\n\t            \t<\/div>\n<\/div>\n<\/div>\n<\/div>\n<\/div>\n<div class=\"element portfolio3filter_wrapper\">\n<div class=\"one_third gallery3 filterable gallery_type animated3\"><a href=\"http:\/\/igomorocco.com\/es\/tours\/excursion-desierto-marrakech-a-fez\/\"><br \/>\n        \t\t    <img decoding=\"async\" src=\"http:\/\/igomorocco.com\/wp-content\/uploads\/2018\/12\/IMG_3743-560x460.jpg\" alt=\"\" \/><br \/>\n        \t\t<\/a><\/p>\n<div class=\"thumb_content  \">\n<div class=\"thumb_title\">\n<h3>excursi\u00f3n por el desierto desde Marrakech a Fez<\/h3>\n<\/p><\/div>\n<div class=\"thumb_meta\">\n<div class=\"tour_days\">\n\t            \t\t3 Days\n\t            \t<\/div>\n<div class=\"tour_price\">\n\t            \t\t\u20ac139\n\t            \t<\/div>\n<\/div>\n<\/div>\n<\/div>\n<\/div>\n<div class=\"element portfolio3filter_wrapper\">\n<div class=\"one_third gallery3 filterable gallery_type animated4\"><a href=\"http:\/\/igomorocco.com\/es\/tours\/excursion-desierto-marrakech-4-dias\/\"><br \/>\n        \t\t    <img decoding=\"async\" src=\"http:\/\/igomorocco.com\/wp-content\/uploads\/2018\/12\/60152017-560x460.jpg\" alt=\"\" \/><br \/>\n        \t\t<\/a><\/p>\n<div class=\"thumb_content  \">\n<div class=\"thumb_title\">\n<h3>4 dias excursi\u00f3n desierto Merzouga desde Marrakech<\/h3>\n<\/p><\/div>\n<div class=\"thumb_meta\">\n<div class=\"tour_days\">\n\t            \t\t4 Days\n\t            \t<\/div>\n<div class=\"tour_price\">\n\t            \t\t\u20ac123\n\t            \t<\/div>\n<\/div>\n<\/div>\n<\/div>\n<\/div>\n<div class=\"element portfolio3filter_wrapper\">\n<div class=\"one_third gallery3 filterable gallery_type animated5\"><a href=\"http:\/\/igomorocco.com\/es\/tours\/excursion-desierto-merzouga-desde-marrakech-a-fez\/\"><br \/>\n        \t\t    <img decoding=\"async\" src=\"http:\/\/igomorocco.com\/wp-content\/uploads\/2018\/12\/Morocco-travel-7-560x460.jpg\" alt=\"\" \/><br \/>\n        \t\t<\/a><\/p>\n<div class=\"thumb_content  \">\n<div class=\"thumb_title\">\n<h3>4 dias excursi\u00f3n por el desierto de Merzouga desde Marrakech a Fez<\/h3>\n<\/p><\/div>\n<div class=\"thumb_meta\">\n<div class=\"tour_days\">\n\t            \t\t4 Days\n\t            \t<\/div>\n<div class=\"tour_price\">\n\t            \t\t\u20ac175\n\t            \t<\/div>\n<\/div>\n<\/div>\n<\/div>\n<\/div>\n<\/div>\n<\/div>\n<\/div>\n<\/div>\n","protected":false},"excerpt":{"rendered":"<div class='e-content p-summary'>TOURS COMPARTIDOS POR EL DESIERTO Los tours compartidos por el desierto parten de Marrakech y se adentran en las dunas de Zagora todos los d\u00edas. Los peque\u00f1os grupos est\u00e1n a menudo formados por viajeros interesados de todas las edades y de todas partes del mundo. Adem\u00e1s [&hellip;]<\/div>\n","protected":false},"author":2,"featured_media":4237,"parent":0,"menu_order":0,"comment_status":"close","ping_status":"closed","template":"","meta":{"footnotes":""},"class_list":["post-4236","page","type-page","status-publish","has-post-thumbnail"],"yoast_head":"<!-- This site is optimized with the Yoast SEO Premium plugin v26.4 (Yoast SEO v26.8) - https:\/\/yoast.com\/product\/yoast-seo-premium-wordpress\/ -->\n<title>Excursiones compartidas al desierto desde Marrakech &#8211; IGoMorocco - Marrakech Desert Tours &amp; Day Trips<\/title>\n<meta name=\"description\" content=\"TOURS COMPARTIDOS POR EL DESIERTO Los tours compartidos por el desierto parten de Marrakech y se adentran en las dunas de Zagora todos los d\u00edas. Los\" \/>\n<meta name=\"robots\" content=\"index, follow, max-snippet:-1, max-image-preview:large, max-video-preview:-1\" \/>\n<link rel=\"canonical\" href=\"http:\/\/igomorocco.com\/es\/excursion-compartida-desierto-marrakech\/\" \/>\n<meta name=\"twitter:card\" content=\"summary_large_image\" \/>\n<meta name=\"twitter:title\" content=\"Excursiones compartidas al desierto desde Marrakech &#8211; IGoMorocco - Marrakech Desert Tours &amp; Day Trips\" \/>\n<meta name=\"twitter:description\" content=\"TOURS COMPARTIDOS POR EL DESIERTO Los tours compartidos por el desierto parten de Marrakech y se adentran en las dunas de Zagora todos los d\u00edas. Los\" \/>\n<meta name=\"twitter:image\" content=\"https:\/\/www.igomorocco.com\/wp-content\/uploads\/2018\/12\/Marrakech-Sahara-desert-trips.jpg\" \/>\n<meta name=\"twitter:label1\" content=\"Tiempo de lectura\" \/>\n\t<meta name=\"twitter:data1\" content=\"2 minutos\" \/>\n<script type=\"application\/ld+json\" class=\"yoast-schema-graph\">{\"@context\":\"https:\/\/schema.org\",\"@graph\":[{\"@type\":\"WebPage\",\"@id\":\"https:\/\/www.igomorocco.com\/es\/excursion-compartida-desierto-marrakech\/\",\"url\":\"http:\/\/igomorocco.com\/es\/excursion-compartida-desierto-marrakech\/\",\"name\":\"Excursiones compartidas al desierto desde Marrakech &#8211; IGoMorocco - Marrakech Desert Tours &amp; Day Trips\",\"isPartOf\":{\"@id\":\"https:\/\/www.igomorocco.com\/es\/#website\"},\"primaryImageOfPage\":{\"@id\":\"http:\/\/igomorocco.com\/es\/excursion-compartida-desierto-marrakech\/#primaryimage\"},\"image\":{\"@id\":\"http:\/\/igomorocco.com\/es\/excursion-compartida-desierto-marrakech\/#primaryimage\"},\"thumbnailUrl\":\"https:\/\/www.igomorocco.com\/wp-content\/uploads\/2018\/12\/Marrakech-Sahara-desert-trips.jpg\",\"datePublished\":\"2018-12-08T19:14:27+00:00\",\"dateModified\":\"2020-11-11T17:36:04+00:00\",\"description\":\"TOURS COMPARTIDOS POR EL DESIERTO Los tours compartidos por el desierto parten de Marrakech y se adentran en las dunas de Zagora todos los d\u00edas. Los\",\"breadcrumb\":{\"@id\":\"http:\/\/igomorocco.com\/es\/excursion-compartida-desierto-marrakech\/#breadcrumb\"},\"inLanguage\":\"es\",\"potentialAction\":[{\"@type\":\"ReadAction\",\"target\":[\"http:\/\/igomorocco.com\/es\/excursion-compartida-desierto-marrakech\/\"]}]},{\"@type\":\"ImageObject\",\"inLanguage\":\"es\",\"@id\":\"http:\/\/igomorocco.com\/es\/excursion-compartida-desierto-marrakech\/#primaryimage\",\"url\":\"https:\/\/www.igomorocco.com\/wp-content\/uploads\/2018\/12\/Marrakech-Sahara-desert-trips.jpg\",\"contentUrl\":\"https:\/\/www.igomorocco.com\/wp-content\/uploads\/2018\/12\/Marrakech-Sahara-desert-trips.jpg\",\"width\":1600,\"height\":950,\"caption\":\"Morocco desert tours\"},{\"@type\":\"BreadcrumbList\",\"@id\":\"http:\/\/igomorocco.com\/es\/excursion-compartida-desierto-marrakech\/#breadcrumb\",\"itemListElement\":[{\"@type\":\"ListItem\",\"position\":1,\"name\":\"Home\",\"item\":\"https:\/\/www.igomorocco.com\/es\/\"},{\"@type\":\"ListItem\",\"position\":2,\"name\":\"Excursiones compartidas al desierto desde Marrakech\"}]},{\"@type\":\"WebSite\",\"@id\":\"https:\/\/www.igomorocco.com\/es\/#website\",\"url\":\"https:\/\/www.igomorocco.com\/es\/\",\"name\":\"IGoMorocco - Marrakech Desert Tours &amp; Day Trips\",\"description\":\"\",\"publisher\":{\"@id\":\"https:\/\/www.igomorocco.com\/es\/#organization\"},\"potentialAction\":[{\"@type\":\"SearchAction\",\"target\":{\"@type\":\"EntryPoint\",\"urlTemplate\":\"https:\/\/www.igomorocco.com\/es\/?s={search_term_string}\"},\"query-input\":{\"@type\":\"PropertyValueSpecification\",\"valueRequired\":true,\"valueName\":\"search_term_string\"}}],\"inLanguage\":\"es\"},{\"@type\":\"Organization\",\"@id\":\"https:\/\/www.igomorocco.com\/es\/#organization\",\"name\":\"IGoMorocco\",\"url\":\"https:\/\/www.igomorocco.com\/es\/\",\"logo\":{\"@type\":\"ImageObject\",\"inLanguage\":\"es\",\"@id\":\"https:\/\/www.igomorocco.com\/es\/#\/schema\/logo\/image\/\",\"url\":\"https:\/\/www.igomorocco.com\/wp-content\/uploads\/2021\/10\/Logo-I-GO-MOROCCO-01-1.png\",\"contentUrl\":\"https:\/\/www.igomorocco.com\/wp-content\/uploads\/2021\/10\/Logo-I-GO-MOROCCO-01-1.png\",\"width\":4961,\"height\":1772,\"caption\":\"IGoMorocco\"},\"image\":{\"@id\":\"https:\/\/www.igomorocco.com\/es\/#\/schema\/logo\/image\/\"}}]}<\/script>\n<!-- \/ Yoast SEO Premium plugin. -->","yoast_head_json":{"title":"Excursiones compartidas al desierto desde Marrakech &#8211; IGoMorocco - Marrakech Desert Tours &amp; Day Trips","description":"TOURS COMPARTIDOS POR EL DESIERTO Los tours compartidos por el desierto parten de Marrakech y se adentran en las dunas de Zagora todos los d\u00edas. Los","robots":{"index":"index","follow":"follow","max-snippet":"max-snippet:-1","max-image-preview":"max-image-preview:large","max-video-preview":"max-video-preview:-1"},"canonical":"http:\/\/igomorocco.com\/es\/excursion-compartida-desierto-marrakech\/","twitter_card":"summary_large_image","twitter_title":"Excursiones compartidas al desierto desde Marrakech &#8211; IGoMorocco - Marrakech Desert Tours &amp; Day Trips","twitter_description":"TOURS COMPARTIDOS POR EL DESIERTO Los tours compartidos por el desierto parten de Marrakech y se adentran en las dunas de Zagora todos los d\u00edas. Los","twitter_image":"https:\/\/www.igomorocco.com\/wp-content\/uploads\/2018\/12\/Marrakech-Sahara-desert-trips.jpg","twitter_misc":{"Tiempo de lectura":"2 minutos"},"schema":{"@context":"https:\/\/schema.org","@graph":[{"@type":"WebPage","@id":"https:\/\/www.igomorocco.com\/es\/excursion-compartida-desierto-marrakech\/","url":"http:\/\/igomorocco.com\/es\/excursion-compartida-desierto-marrakech\/","name":"Excursiones compartidas al desierto desde Marrakech &#8211; IGoMorocco - Marrakech Desert Tours &amp; Day Trips","isPartOf":{"@id":"https:\/\/www.igomorocco.com\/es\/#website"},"primaryImageOfPage":{"@id":"http:\/\/igomorocco.com\/es\/excursion-compartida-desierto-marrakech\/#primaryimage"},"image":{"@id":"http:\/\/igomorocco.com\/es\/excursion-compartida-desierto-marrakech\/#primaryimage"},"thumbnailUrl":"https:\/\/www.igomorocco.com\/wp-content\/uploads\/2018\/12\/Marrakech-Sahara-desert-trips.jpg","datePublished":"2018-12-08T19:14:27+00:00","dateModified":"2020-11-11T17:36:04+00:00","description":"TOURS COMPARTIDOS POR EL DESIERTO Los tours compartidos por el desierto parten de Marrakech y se adentran en las dunas de Zagora todos los d\u00edas. Los","breadcrumb":{"@id":"http:\/\/igomorocco.com\/es\/excursion-compartida-desierto-marrakech\/#breadcrumb"},"inLanguage":"es","potentialAction":[{"@type":"ReadAction","target":["http:\/\/igomorocco.com\/es\/excursion-compartida-desierto-marrakech\/"]}]},{"@type":"ImageObject","inLanguage":"es","@id":"http:\/\/igomorocco.com\/es\/excursion-compartida-desierto-marrakech\/#primaryimage","url":"https:\/\/www.igomorocco.com\/wp-content\/uploads\/2018\/12\/Marrakech-Sahara-desert-trips.jpg","contentUrl":"https:\/\/www.igomorocco.com\/wp-content\/uploads\/2018\/12\/Marrakech-Sahara-desert-trips.jpg","width":1600,"height":950,"caption":"Morocco desert tours"},{"@type":"BreadcrumbList","@id":"http:\/\/igomorocco.com\/es\/excursion-compartida-desierto-marrakech\/#breadcrumb","itemListElement":[{"@type":"ListItem","position":1,"name":"Home","item":"https:\/\/www.igomorocco.com\/es\/"},{"@type":"ListItem","position":2,"name":"Excursiones compartidas al desierto desde Marrakech"}]},{"@type":"WebSite","@id":"https:\/\/www.igomorocco.com\/es\/#website","url":"https:\/\/www.igomorocco.com\/es\/","name":"IGoMorocco - Marrakech Desert Tours &amp; Day Trips","description":"","publisher":{"@id":"https:\/\/www.igomorocco.com\/es\/#organization"},"potentialAction":[{"@type":"SearchAction","target":{"@type":"EntryPoint","urlTemplate":"https:\/\/www.igomorocco.com\/es\/?s={search_term_string}"},"query-input":{"@type":"PropertyValueSpecification","valueRequired":true,"valueName":"search_term_string"}}],"inLanguage":"es"},{"@type":"Organization","@id":"https:\/\/www.igomorocco.com\/es\/#organization","name":"IGoMorocco","url":"https:\/\/www.igomorocco.com\/es\/","logo":{"@type":"ImageObject","inLanguage":"es","@id":"https:\/\/www.igomorocco.com\/es\/#\/schema\/logo\/image\/","url":"https:\/\/www.igomorocco.com\/wp-content\/uploads\/2021\/10\/Logo-I-GO-MOROCCO-01-1.png","contentUrl":"https:\/\/www.igomorocco.com\/wp-content\/uploads\/2021\/10\/Logo-I-GO-MOROCCO-01-1.png","width":4961,"height":1772,"caption":"IGoMorocco"},"image":{"@id":"https:\/\/www.igomorocco.com\/es\/#\/schema\/logo\/image\/"}}]}},"_links":{"self":[{"href":"https:\/\/www.igomorocco.com\/es\/wp-json\/wp\/v2\/pages\/4236","targetHints":{"allow":["GET"]}}],"collection":[{"href":"https:\/\/www.igomorocco.com\/es\/wp-json\/wp\/v2\/pages"}],"about":[{"href":"https:\/\/www.igomorocco.com\/es\/wp-json\/wp\/v2\/types\/page"}],"author":[{"embeddable":true,"href":"https:\/\/www.igomorocco.com\/es\/wp-json\/wp\/v2\/users\/2"}],"replies":[{"embeddable":true,"href":"https:\/\/www.igomorocco.com\/es\/wp-json\/wp\/v2\/comments?post=4236"}],"version-history":[{"count":0,"href":"https:\/\/www.igomorocco.com\/es\/wp-json\/wp\/v2\/pages\/4236\/revisions"}],"wp:featuredmedia":[{"embeddable":true,"href":"https:\/\/www.igomorocco.com\/es\/wp-json\/wp\/v2\/media\/4237"}],"wp:attachment":[{"href":"https:\/\/www.igomorocco.com\/es\/wp-json\/wp\/v2\/media?parent=4236"}],"curies":[{"name":"wp","href":"https:\/\/api.w.org\/{rel}","templated":true}]}}