{"id":4235,"date":"2014-10-08T03:48:19","date_gmt":"2014-10-08T03:48:19","guid":{"rendered":"https:\/\/www.igomorocco.com\/private-marrakech-desert-tours\/"},"modified":"2025-10-12T16:45:56","modified_gmt":"2025-10-12T14:45:56","slug":"excursion-privadas-desierto-marrakech","status":"publish","type":"page","link":"https:\/\/www.igomorocco.com\/es\/excursion-privadas-desierto-marrakech\/","title":{"rendered":"Excursiones privadas al desierto desde Marrakech"},"content":{"rendered":"<div class='e-content'>\n<div class=\"one withsmallpadding \" style=\"text-align: justify;\">\n<div class=\"page_content_wrapper\">\n<h2 align=\"center\">Tours Privados por el Desierto desde<\/p>\n<p>Marrakech<\/h2>\n<p>Puede que haya o\u00eddo hablar de tours y excursiones en el desierto en el coraz\u00f3n de Marruecos. Viajar en camello, montar en cuatriciclo, acampar bajo las estrellas en un verdadero campamento Bereber, visitar centros de producci\u00f3n de aceite de arg\u00e1n, disfrutar de paisajes de una incre\u00edble belleza natural y de paseos por los n\u00fameros zocos y Kasbahs que Marruecos ofrece. Pero puede que lo que no sepa es que estos tours por el desierto pueden organizarse simplemente para usted y su c\u00edrculo de amigos o familia. Los tours privados por el desierto tienen la ventaja de ser exclusivamente para usted y su c\u00edrculo.<\/p>\n<\/div>\n<\/div>\n<div class=\"ppb_tour one withpadding nopadding \">\n<div class=\"page_content_wrapper \" style=\"text-align:center\">\n<div class=\"portfolio_filter_wrapper three_cols shortcode gallery section content clearfix\">\n<div class=\"element portfolio3filter_wrapper\">\n<div class=\"one_third gallery3 filterable gallery_type animated1\"><a href=\"https:\/\/www.igomorocco.com\/es\/tours\/excursiones-desde-fez-al-desierto\/\"><br \/>\n<img decoding=\"async\" src=\"http:\/\/igomorocco.com\/wp-content\/uploads\/2018\/12\/maxresdefault-1-560x460.jpg\" alt=\"\"><br \/>\n<\/a><\/p>\n<div class=\"thumb_content  \">\n<div class=\"thumb_title\">\n<h3>Excursi\u00f3n al desierto de Merzouga desde Fez a Marrakech<\/h3>\n<\/div>\n<div class=\"thumb_meta\">\n<div class=\"tour_days\">\n\t            \t\t3 Days<\/div>\n<div class=\"tour_price\">\n\t            \t\t\u20ac200<\/div>\n<\/div>\n<\/div>\n<\/div>\n<\/div>\n<div class=\"element portfolio3filter_wrapper\">\n<div class=\"one_third gallery3 filterable gallery_type animated2\"><a href=\"https:\/\/www.igomorocco.com\/es\/tours\/excursion-desierto-merzouga-desde-marrakech\/\"><br \/>\n<img decoding=\"async\" src=\"http:\/\/igomorocco.com\/wp-content\/uploads\/2018\/12\/01-560x460.jpg\" alt=\"\"><br \/>\n<\/a><\/p>\n<div class=\"thumb_content  \">\n<div class=\"thumb_title\">\n<h3>4 dias excursion al desierto de Merzouga desde Marrakech<\/h3>\n<\/div>\n<div class=\"thumb_meta\">\n<div class=\"tour_days\">\n\t            \t\t4 Days<\/div>\n<div class=\"tour_price\">\n\t            \t\t\u20ac170<\/div>\n<\/div>\n<\/div>\n<\/div>\n<\/div>\n<div class=\"element portfolio3filter_wrapper\">\n<div class=\"one_third gallery3 filterable gallery_type animated3\"><a href=\"https:\/\/www.igomorocco.com\/es\/tours\/excursion-desierto-zagora\/\"><br \/>\n<img decoding=\"async\" src=\"http:\/\/igomorocco.com\/wp-content\/uploads\/2019\/01\/04-560x460.jpg\" alt=\"\"><br \/>\n<\/a><\/p>\n<div class=\"thumb_content  \">\n<div class=\"thumb_title\">\n<h3>2 dias excursion por el desierto de Zagora desde Marrakech<\/h3>\n<\/div>\n<div class=\"thumb_meta\">\n<div class=\"tour_days\">\n\t            \t\t2 Days<\/div>\n<div class=\"tour_price\">\n\t            \t\t\u20ac69<\/div>\n<\/div>\n<\/div>\n<\/div>\n<\/div>\n<div class=\"element portfolio3filter_wrapper\">\n<div class=\"one_third gallery3 filterable gallery_type animated4\"><a href=\"https:\/\/www.igomorocco.com\/es\/tours\/excursion-desierto-merzouga\/\"><br \/>\n<img decoding=\"async\" src=\"https:\/\/www.igomorocco.com\/wp-content\/uploads\/2018\/12\/03-e1556102111802-560x460.jpg\" alt=\"\"><br \/>\n<\/a><\/p>\n<div class=\"thumb_content  \">\n<div class=\"thumb_title\">\n<h3>3 dias excursi\u00f3n al desierto de Merzouga desde Marrakech<\/h3>\n<\/div>\n<div class=\"thumb_meta\">\n<div class=\"tour_days\">\n\t            \t\t3 Days<\/div>\n<div class=\"tour_price\">\n\t            \t\t\u20ac185<\/div>\n<\/div>\n<\/div>\n<\/div>\n<\/div>\n<div class=\"element portfolio3filter_wrapper\">\n<div class=\"one_third gallery3 filterable gallery_type animated5\"><a href=\"https:\/\/www.igomorocco.com\/es\/tours\/marrakech-a-fez-por-el-desierto-de-merzouga\/\"><br \/>\n<img decoding=\"async\" src=\"http:\/\/igomorocco.com\/wp-content\/uploads\/2019\/01\/desert-day-2-95-of-109-560x460.jpg\" alt=\"\"><br \/>\n<\/a><\/p>\n<div class=\"thumb_content  \">\n<div class=\"thumb_title\">\n<h3>Excursi\u00f3n al desierto de Merzouga desde Marrakech a Fez<\/h3>\n<\/div>\n<div class=\"thumb_meta\">\n<div class=\"tour_days\">\n\t            \t\t3 Days<\/div>\n<div class=\"tour_price\">\n\t            \t\t\u20ac200<\/div>\n<\/div>\n<\/div>\n<\/div>\n<\/div>\n<div class=\"element portfolio3filter_wrapper\">\n<div class=\"one_third gallery3 filterable gallery_type animated6\"><a href=\"https:\/\/www.igomorocco.com\/es\/tours\/excursiones-desierto-marruecos\/\"><br \/>\n<img decoding=\"async\" src=\"http:\/\/igomorocco.com\/wp-content\/uploads\/2018\/12\/a09731c3e62e98cff3da6029899669dd-560x460.jpg\" alt=\"\"><br \/>\n<\/a><\/p>\n<div class=\"thumb_content  \">\n<div class=\"thumb_title\">\n<h3>4 d\u00edas excursi\u00f3n por el desierto desde Marrakech a Fez<\/h3>\n<\/div>\n<div class=\"thumb_meta\">\n<div class=\"tour_days\">\n\t            \t\t4 Days<\/div>\n<div class=\"tour_price\">\n\t            \t\t\u20ac180<\/div>\n<\/div>\n<\/div>\n<\/div>\n<\/div>\n<div class=\"element portfolio3filter_wrapper\">\n<div class=\"one_third gallery3 filterable gallery_type animated7\"><a href=\"https:\/\/www.igomorocco.com\/es\/tours\/4-dias-marrakech-desierto-merzouga\/\"><br \/>\n<\/a><a href=\"https:\/\/www.igomorocco.com\/es\/tours\/4-dias-marrakech-desierto-merzouga\/\"><img decoding=\"async\" class=\"alignnone\" src=\"https:\/\/www.igomorocco.com\/wp-content\/uploads\/2023\/09\/4-days-Marrakech-to-Merzouga.jpg\" alt=\"marrakech-desierto-merzouga\" width=\"560\" height=\"460\"><\/a><\/p>\n<div class=\"thumb_content \">\n<div class=\"thumb_title\">\n<h3>4 Dias Marrakech al desierto de Merzouga<\/h3>\n<\/div>\n<div class=\"thumb_meta\">\n<div class=\"tour_days\">4 D\u00cdAS<\/div>\n<div class=\"tour_price\">\u20ac170<\/div>\n<\/div>\n<\/div>\n<\/div>\n<\/div>\n<div class=\"element portfolio3filter_wrapper\">\n<div class=\"one_third gallery3 filterable gallery_type animated8\">\n<p>                    <a href=\"https:\/\/www.igomorocco.com\/es\/tours\/tour-desde-fez-marrakech\/\"><br \/>\n<\/a><a href=\"https:\/\/www.igomorocco.com\/es\/tours\/tour-desde-fez-marrakech\/\"><img decoding=\"async\" class=\"alignnone\" src=\"https:\/\/www.igomorocco.com\/wp-content\/uploads\/2023\/09\/Fes-to-Marrakech-desert-tour.jpg\" alt=\"tour-desde-fez-marrakech\" width=\"560\" height=\"460\"><\/a><\/p>\n<div class=\"thumb_content \">\n<div class=\"thumb_title\">\n<h3>Tour de 4 Dias de Fez a Marrakech<\/h3>\n<\/div>\n<div class=\"thumb_meta\">\n<div class=\"tour_days\">4 D\u00cdAS<\/div>\n<div class=\"tour_price\">\u20ac180<\/div>\n<\/div>\n<\/div>\n<\/div>\n<\/div>\n<div class=\"element portfolio3filter_wrapper\">\n<div class=\"one_third gallery3 filterable gallery_type animated9\">\n<p>                    <a href=\"https:\/\/www.igomorocco.com\/es\/tours\/trekking-toubkal-sahara-5-dias\/\"><br \/>\n<\/a><a href=\"https:\/\/www.igomorocco.com\/es\/tours\/trekking-toubkal-sahara-5-dias\/\"><img decoding=\"async\" class=\"alignnone\" src=\"https:\/\/www.igomorocco.com\/wp-content\/uploads\/2023\/09\/Atlas-Mountain-Trek-Sahara-desert-tour.jpeg\" alt=\"trekking toubkal sahara\" width=\"560\" height=\"460\"><\/a><\/p>\n<div class=\"thumb_content \">\n<div class=\"thumb_title\">\n<h3>5 Dias de Trekking en Toubkal y el Sahara<\/h3>\n<\/div>\n<div class=\"thumb_meta\">\n<div class=\"tour_days\">5 D\u00cdAS<\/div>\n<div class=\"tour_price\">\u20ac230<\/div>\n<\/div>\n<\/div>\n<\/div>\n<\/div>\n<div class=\"element portfolio3filter_wrapper\">\n<div class=\"one_third gallery3 filterable gallery_type animated10\">\n<p>                    <a href=\"https:\/\/www.igomorocco.com\/es\/tours\/marrakech-erg-chigaga\/\"><br \/>\n<\/a><a href=\"https:\/\/www.igomorocco.com\/es\/tours\/marrakech-erg-chigaga\/\"><img decoding=\"async\" class=\"alignnone\" src=\"https:\/\/www.igomorocco.com\/wp-content\/uploads\/2023\/09\/desert-tour-from-marrakech-to-erg-chigaga.jpg\" alt=\"Erg Chigaga desierto\" width=\"560\" height=\"460\"><\/a><\/p>\n<div class=\"thumb_content \">\n<div class=\"thumb_title\">\n<h3>Marrakech a Erg Chigaga 4 Dias<\/h3>\n<\/div>\n<div class=\"thumb_meta\">\n<div class=\"tour_days\">4 D\u00cdAS<\/div>\n<div class=\"tour_price\">\u20ac270<\/div>\n<\/div>\n<\/div>\n<\/div>\n<\/div>\n<div class=\"element portfolio3filter_wrapper\">\n<div class=\"one_third gallery3 filterable gallery_type animated11\">\n<p>                    <a href=\"https:\/\/www.igomorocco.com\/es\/tours\/excursion-al-desierto-desde-fez-2-dias\/\"><br \/>\n<\/a><a href=\"https:\/\/www.igomorocco.com\/es\/tours\/excursion-al-desierto-desde-fez-2-dias\/\"><img decoding=\"async\" class=\"alignnone\" src=\"https:\/\/www.igomorocco.com\/wp-content\/uploads\/2023\/09\/Marrakech-to-Merzouga-Sahara-desert-jpg.webp\" alt=\"EXCURSION AL DESIERTO DESDE FEZ 2 DIAS\" width=\"560\" height=\"460\"><\/a><\/p>\n<div class=\"thumb_content \">\n<div class=\"thumb_title\">\n<h3>2 Dias de Fez a Merzouga<\/h3>\n<\/div>\n<div class=\"thumb_meta\">\n<div class=\"tour_days\">2 Dias<\/div>\n<div class=\"tour_price\">\u20ac105<\/div>\n<\/div>\n<\/div>\n<\/div>\n<\/div>\n<div class=\"element portfolio3filter_wrapper\">\n<div class=\"one_third gallery3 filterable gallery_type animated12\">\n<p>                    <a href=\"https:\/\/www.igomorocco.com\/es\/tours\/excursion-al-desierto-desde-fez-3-dias\/\"><br \/>\n<\/a><a href=\"https:\/\/www.igomorocco.com\/es\/tours\/excursion-al-desierto-desde-fez-3-dias\/\"><img decoding=\"async\" class=\"alignnone\" src=\"https:\/\/www.igomorocco.com\/wp-content\/uploads\/2023\/09\/merzouga-desert-trip-jpg.webp\" alt=\"excursion al desierto desde fez 3 dias\" width=\"560\" height=\"460\"><\/a><\/p>\n<div class=\"thumb_content \">\n<div class=\"thumb_title\">\n<h3>3 Dias de Fez a Merzouga<\/h3>\n<\/div>\n<div class=\"thumb_meta\">\n<div class=\"tour_days\">3 Dias<\/div>\n<div class=\"tour_price\">\u20ac170<\/div>\n<\/div>\n<\/div>\n<\/div>\n<\/div>\n<\/div>\n<\/div>\n<\/div>\n<div class=\"one withsmallpadding \" style=\"text-align: justify;\">\n<div class=\"page_content_wrapper\">\n<h3> PERSONALIZADOS A SUS INTERESES<\/h3>\n<p>Los tours privados salen de la ciudad de Marrakech o Fez, y el itinerario est\u00e1 dise\u00f1ado para adecuarse a sus necesidades. Las horas se ajustan a las exigencias de su grupo privado. Si tiene un presupuesto determinado, podemos dise\u00f1ar un tour para que el coste no se salga de ese presupuesto. Normalmente los tours privados por el desierto est\u00e1n formados por grupos de amigos que quieren pas\u00e1rselo bien, una pareja o una familia con hijos. Los tours van al desierto del Sahara de Marruecos y salen desde Marrakech o Fez. Los veh\u00edculos recogen a los miembros del grupo en el hotel en el que todos se alojen y los lleva de vuelta al finalizar el tour.<br \/>\nHay varios tipos distintos de tours para los grupos privados, como por ejemplo el tour por el desierto de dos d\u00edas desde Marrakech a las dunas de Zagora \u2013 una de las ciudades m\u00e1s bellas y antiguas del pa\u00eds. Tambi\u00e9n hay excursiones que le llevan de viaje a Merzouga y Erg Chebbi. Estos tours son de unos tres d\u00edas y salen desde Marrakech. Pero tambi\u00e9n ofrecemos un tour m\u00e1s largo y osado de cuatro d\u00edas de duraci\u00f3n que sale desde Marrakech para explorar las verdaderas maravillas del desierto del Sahara de Marruecos. El viaje le llevar\u00e1 al Valle del Dades, al Valle del Ziz y a las espectaculares vistas del Valle del Draa.<br \/>\nA lo largo de algunos de estos pasos hay profundas gargantas, sinuosos valles y carreteras de monta\u00f1a, curvas cerradas con vistas espectaculares, cascadas y un paisaje dorado que le dar\u00e1n a usted y a su grupo privado la impresi\u00f3n de haber retrocedido en el tiempo. Las reservas para grupos privados pueden incluso adecuarse a los m\u00e1s aventureros, a los que quieran alejarse de las rutas m\u00e1s frecuentadas. Un tour privado por el desierto desde Marrakech a Foum Zguid y Erg Chigaga, raramente vistos por los turistas, y sin embargo una verdadera aventura en el salvaje coraz\u00f3n del desierto del Sahara de Marruecos. Uno de los tours por el desierto m\u00e1s populares es el que le lleva entre las dos grandes ciudades de Marrakech y Fez. Durante el mismo tendr\u00e1 la posibilidad de dormir bajo las estrellas, montar en camello y disfrutar de una experiencia \u00fanica.Todos esto con sus amigos o familia en su grupo privado.<\/p>\n<\/div>\n<\/div>\n<\/div>\n","protected":false},"excerpt":{"rendered":"<div class='e-content p-summary'>Tours Privados por el Desierto desde Marrakech Puede que haya o\u00eddo hablar de tours y excursiones en el desierto en el coraz\u00f3n de Marruecos. Viajar en camello, montar en cuatriciclo, acampar bajo las estrellas en un verdadero campamento Bereber, visitar centros de producci\u00f3n de aceite de [&hellip;]<\/div>\n","protected":false},"author":2,"featured_media":4227,"parent":0,"menu_order":0,"comment_status":"closed","ping_status":"closed","template":"","meta":{"footnotes":""},"class_list":["post-4235","page","type-page","status-publish","has-post-thumbnail"],"yoast_head":"<!-- This site is optimized with the Yoast SEO Premium plugin v26.4 (Yoast SEO v26.8) - https:\/\/yoast.com\/product\/yoast-seo-premium-wordpress\/ -->\n<title>Excursiones privadas al desierto desde Marrakech &#8211; IGoMorocco - Marrakech Desert Tours &amp; Day Trips<\/title>\n<meta name=\"description\" content=\"Tours Privados por el Desierto desde Marrakech Puede que haya o\u00eddo hablar de tours y excursiones en el desierto en el coraz\u00f3n de Marruecos. Viajar en\" \/>\n<meta name=\"robots\" content=\"index, follow, max-snippet:-1, max-image-preview:large, max-video-preview:-1\" \/>\n<link rel=\"canonical\" href=\"https:\/\/www.igomorocco.com\/es\/excursion-privadas-desierto-marrakech\/\" \/>\n<meta name=\"twitter:card\" content=\"summary_large_image\" \/>\n<meta name=\"twitter:title\" content=\"Excursiones privadas al desierto desde Marrakech &#8211; IGoMorocco - Marrakech Desert Tours &amp; Day Trips\" \/>\n<meta name=\"twitter:description\" content=\"Tours Privados por el Desierto desde Marrakech Puede que haya o\u00eddo hablar de tours y excursiones en el desierto en el coraz\u00f3n de Marruecos. Viajar en\" \/>\n<meta name=\"twitter:image\" content=\"https:\/\/www.igomorocco.com\/wp-content\/uploads\/2018\/12\/0-8.jpg\" \/>\n<meta name=\"twitter:label1\" content=\"Tiempo de lectura\" \/>\n\t<meta name=\"twitter:data1\" content=\"6 minutos\" \/>\n<script type=\"application\/ld+json\" class=\"yoast-schema-graph\">{\"@context\":\"https:\/\/schema.org\",\"@graph\":[{\"@type\":\"WebPage\",\"@id\":\"https:\/\/www.igomorocco.com\/es\/excursion-privadas-desierto-marrakech\/\",\"url\":\"https:\/\/www.igomorocco.com\/es\/excursion-privadas-desierto-marrakech\/\",\"name\":\"Excursiones privadas al desierto desde Marrakech &#8211; IGoMorocco - Marrakech Desert Tours &amp; Day Trips\",\"isPartOf\":{\"@id\":\"https:\/\/www.igomorocco.com\/es\/#website\"},\"primaryImageOfPage\":{\"@id\":\"https:\/\/www.igomorocco.com\/es\/excursion-privadas-desierto-marrakech\/#primaryimage\"},\"image\":{\"@id\":\"https:\/\/www.igomorocco.com\/es\/excursion-privadas-desierto-marrakech\/#primaryimage\"},\"thumbnailUrl\":\"https:\/\/www.igomorocco.com\/wp-content\/uploads\/2018\/12\/0-8.jpg\",\"datePublished\":\"2014-10-08T03:48:19+00:00\",\"dateModified\":\"2025-10-12T14:45:56+00:00\",\"description\":\"Tours Privados por el Desierto desde Marrakech Puede que haya o\u00eddo hablar de tours y excursiones en el desierto en el coraz\u00f3n de Marruecos. Viajar en\",\"breadcrumb\":{\"@id\":\"https:\/\/www.igomorocco.com\/es\/excursion-privadas-desierto-marrakech\/#breadcrumb\"},\"inLanguage\":\"es\",\"potentialAction\":[{\"@type\":\"ReadAction\",\"target\":[\"https:\/\/www.igomorocco.com\/es\/excursion-privadas-desierto-marrakech\/\"]}]},{\"@type\":\"ImageObject\",\"inLanguage\":\"es\",\"@id\":\"https:\/\/www.igomorocco.com\/es\/excursion-privadas-desierto-marrakech\/#primaryimage\",\"url\":\"https:\/\/www.igomorocco.com\/wp-content\/uploads\/2018\/12\/0-8.jpg\",\"contentUrl\":\"https:\/\/www.igomorocco.com\/wp-content\/uploads\/2018\/12\/0-8.jpg\",\"width\":1500,\"height\":600,\"caption\":\"Morocco desert tours\"},{\"@type\":\"BreadcrumbList\",\"@id\":\"https:\/\/www.igomorocco.com\/es\/excursion-privadas-desierto-marrakech\/#breadcrumb\",\"itemListElement\":[{\"@type\":\"ListItem\",\"position\":1,\"name\":\"Home\",\"item\":\"https:\/\/www.igomorocco.com\/es\/\"},{\"@type\":\"ListItem\",\"position\":2,\"name\":\"Excursiones privadas al desierto desde Marrakech\"}]},{\"@type\":\"WebSite\",\"@id\":\"https:\/\/www.igomorocco.com\/es\/#website\",\"url\":\"https:\/\/www.igomorocco.com\/es\/\",\"name\":\"IGoMorocco - Marrakech Desert Tours &amp; Day Trips\",\"description\":\"\",\"publisher\":{\"@id\":\"https:\/\/www.igomorocco.com\/es\/#organization\"},\"potentialAction\":[{\"@type\":\"SearchAction\",\"target\":{\"@type\":\"EntryPoint\",\"urlTemplate\":\"https:\/\/www.igomorocco.com\/es\/?s={search_term_string}\"},\"query-input\":{\"@type\":\"PropertyValueSpecification\",\"valueRequired\":true,\"valueName\":\"search_term_string\"}}],\"inLanguage\":\"es\"},{\"@type\":\"Organization\",\"@id\":\"https:\/\/www.igomorocco.com\/es\/#organization\",\"name\":\"IGoMorocco\",\"url\":\"https:\/\/www.igomorocco.com\/es\/\",\"logo\":{\"@type\":\"ImageObject\",\"inLanguage\":\"es\",\"@id\":\"https:\/\/www.igomorocco.com\/es\/#\/schema\/logo\/image\/\",\"url\":\"https:\/\/www.igomorocco.com\/wp-content\/uploads\/2021\/10\/Logo-I-GO-MOROCCO-01-1.png\",\"contentUrl\":\"https:\/\/www.igomorocco.com\/wp-content\/uploads\/2021\/10\/Logo-I-GO-MOROCCO-01-1.png\",\"width\":4961,\"height\":1772,\"caption\":\"IGoMorocco\"},\"image\":{\"@id\":\"https:\/\/www.igomorocco.com\/es\/#\/schema\/logo\/image\/\"}}]}<\/script>\n<!-- \/ Yoast SEO Premium plugin. -->","yoast_head_json":{"title":"Excursiones privadas al desierto desde Marrakech &#8211; IGoMorocco - Marrakech Desert Tours &amp; Day Trips","description":"Tours Privados por el Desierto desde Marrakech Puede que haya o\u00eddo hablar de tours y excursiones en el desierto en el coraz\u00f3n de Marruecos. Viajar en","robots":{"index":"index","follow":"follow","max-snippet":"max-snippet:-1","max-image-preview":"max-image-preview:large","max-video-preview":"max-video-preview:-1"},"canonical":"https:\/\/www.igomorocco.com\/es\/excursion-privadas-desierto-marrakech\/","twitter_card":"summary_large_image","twitter_title":"Excursiones privadas al desierto desde Marrakech &#8211; IGoMorocco - Marrakech Desert Tours &amp; Day Trips","twitter_description":"Tours Privados por el Desierto desde Marrakech Puede que haya o\u00eddo hablar de tours y excursiones en el desierto en el coraz\u00f3n de Marruecos. Viajar en","twitter_image":"https:\/\/www.igomorocco.com\/wp-content\/uploads\/2018\/12\/0-8.jpg","twitter_misc":{"Tiempo de lectura":"6 minutos"},"schema":{"@context":"https:\/\/schema.org","@graph":[{"@type":"WebPage","@id":"https:\/\/www.igomorocco.com\/es\/excursion-privadas-desierto-marrakech\/","url":"https:\/\/www.igomorocco.com\/es\/excursion-privadas-desierto-marrakech\/","name":"Excursiones privadas al desierto desde Marrakech &#8211; IGoMorocco - Marrakech Desert Tours &amp; Day Trips","isPartOf":{"@id":"https:\/\/www.igomorocco.com\/es\/#website"},"primaryImageOfPage":{"@id":"https:\/\/www.igomorocco.com\/es\/excursion-privadas-desierto-marrakech\/#primaryimage"},"image":{"@id":"https:\/\/www.igomorocco.com\/es\/excursion-privadas-desierto-marrakech\/#primaryimage"},"thumbnailUrl":"https:\/\/www.igomorocco.com\/wp-content\/uploads\/2018\/12\/0-8.jpg","datePublished":"2014-10-08T03:48:19+00:00","dateModified":"2025-10-12T14:45:56+00:00","description":"Tours Privados por el Desierto desde Marrakech Puede que haya o\u00eddo hablar de tours y excursiones en el desierto en el coraz\u00f3n de Marruecos. Viajar en","breadcrumb":{"@id":"https:\/\/www.igomorocco.com\/es\/excursion-privadas-desierto-marrakech\/#breadcrumb"},"inLanguage":"es","potentialAction":[{"@type":"ReadAction","target":["https:\/\/www.igomorocco.com\/es\/excursion-privadas-desierto-marrakech\/"]}]},{"@type":"ImageObject","inLanguage":"es","@id":"https:\/\/www.igomorocco.com\/es\/excursion-privadas-desierto-marrakech\/#primaryimage","url":"https:\/\/www.igomorocco.com\/wp-content\/uploads\/2018\/12\/0-8.jpg","contentUrl":"https:\/\/www.igomorocco.com\/wp-content\/uploads\/2018\/12\/0-8.jpg","width":1500,"height":600,"caption":"Morocco desert tours"},{"@type":"BreadcrumbList","@id":"https:\/\/www.igomorocco.com\/es\/excursion-privadas-desierto-marrakech\/#breadcrumb","itemListElement":[{"@type":"ListItem","position":1,"name":"Home","item":"https:\/\/www.igomorocco.com\/es\/"},{"@type":"ListItem","position":2,"name":"Excursiones privadas al desierto desde Marrakech"}]},{"@type":"WebSite","@id":"https:\/\/www.igomorocco.com\/es\/#website","url":"https:\/\/www.igomorocco.com\/es\/","name":"IGoMorocco - Marrakech Desert Tours &amp; Day Trips","description":"","publisher":{"@id":"https:\/\/www.igomorocco.com\/es\/#organization"},"potentialAction":[{"@type":"SearchAction","target":{"@type":"EntryPoint","urlTemplate":"https:\/\/www.igomorocco.com\/es\/?s={search_term_string}"},"query-input":{"@type":"PropertyValueSpecification","valueRequired":true,"valueName":"search_term_string"}}],"inLanguage":"es"},{"@type":"Organization","@id":"https:\/\/www.igomorocco.com\/es\/#organization","name":"IGoMorocco","url":"https:\/\/www.igomorocco.com\/es\/","logo":{"@type":"ImageObject","inLanguage":"es","@id":"https:\/\/www.igomorocco.com\/es\/#\/schema\/logo\/image\/","url":"https:\/\/www.igomorocco.com\/wp-content\/uploads\/2021\/10\/Logo-I-GO-MOROCCO-01-1.png","contentUrl":"https:\/\/www.igomorocco.com\/wp-content\/uploads\/2021\/10\/Logo-I-GO-MOROCCO-01-1.png","width":4961,"height":1772,"caption":"IGoMorocco"},"image":{"@id":"https:\/\/www.igomorocco.com\/es\/#\/schema\/logo\/image\/"}}]}},"_links":{"self":[{"href":"https:\/\/www.igomorocco.com\/es\/wp-json\/wp\/v2\/pages\/4235","targetHints":{"allow":["GET"]}}],"collection":[{"href":"https:\/\/www.igomorocco.com\/es\/wp-json\/wp\/v2\/pages"}],"about":[{"href":"https:\/\/www.igomorocco.com\/es\/wp-json\/wp\/v2\/types\/page"}],"author":[{"embeddable":true,"href":"https:\/\/www.igomorocco.com\/es\/wp-json\/wp\/v2\/users\/2"}],"replies":[{"embeddable":true,"href":"https:\/\/www.igomorocco.com\/es\/wp-json\/wp\/v2\/comments?post=4235"}],"version-history":[{"count":15,"href":"https:\/\/www.igomorocco.com\/es\/wp-json\/wp\/v2\/pages\/4235\/revisions"}],"predecessor-version":[{"id":11401,"href":"https:\/\/www.igomorocco.com\/es\/wp-json\/wp\/v2\/pages\/4235\/revisions\/11401"}],"wp:featuredmedia":[{"embeddable":true,"href":"https:\/\/www.igomorocco.com\/es\/wp-json\/wp\/v2\/media\/4227"}],"wp:attachment":[{"href":"https:\/\/www.igomorocco.com\/es\/wp-json\/wp\/v2\/media?parent=4235"}],"curies":[{"name":"wp","href":"https:\/\/api.w.org\/{rel}","templated":true}]}}