{"id":4228,"date":"2018-12-10T17:49:33","date_gmt":"2018-12-10T16:49:33","guid":{"rendered":"https:\/\/www.igomorocco.com\/marrakech-taxi-transfers\/"},"modified":"2019-02-04T14:48:41","modified_gmt":"2019-02-04T13:48:41","slug":"taxi-marrakech","status":"publish","type":"page","link":"https:\/\/www.igomorocco.com\/es\/taxi-marrakech\/","title":{"rendered":"Traslados en taxi Marrakech"},"content":{"rendered":"<div class='e-content'>\n<div class=\"one withsmallpadding \" style=\"text-align: justify;\" >\n<div class=\"page_content_wrapper\">\n<h2 align=\"center\">Translados en Taxi en Marrakech<\/h2>\n<p> Al llegar a tierras extranjeras sabemos poco sobre el sistema de transporte p\u00fablico del pa\u00eds de destino y solemos preocuparnos de dos factores: de un lado, de c\u00f3mo llegar a nuestro hotel desde el aeropuerto y, de otro, de c\u00f3mo viajar de una ciudad a otra durante nuestra visita. Marruecos es un pa\u00eds vasto, pero a pesar de las grandes distancias entre algunas de las mayores ciudades, los traslados en taxi son muy asequibles. Un viaje de algo m\u00e1s de 200 kil\u00f3metros separa Marrakech de Casablanca. Sin embargo, los traslados con Marrakech Taxi conectan estas dos ciudades para usted a un precio muy razonable. Adem\u00e1s, el viaje ofrece un servicio de vuelta. Su grupo ser\u00e1 recogido en su hotel, alojamiento o incluso en el Aeropuerto Internacional Mohammed V de Casablanca para su traslado a Marrakech. En ocasiones puede ser m\u00e1s econ\u00f3mico volar a Casablanca y trasladarse en taxi a Marrakech. El traslado en taxi es la forma m\u00e1s sencilla de viajar a las ciudades m\u00e1s populares de Marruecos. Muchos viajeros desean ver las gemas ocultas de la ciudad portuaria de Essaouira. Otra ciudad a la que se puede llegar mediante traslado en taxi es Agadir. Puede ir desde Marrakech hasta su hotel en Agadir o incluso al aeropuerto o a la terminal de autobuses. Existe un servicio de traslado en taxi en Marrakech entre estas dos ciudades, pudiendo regresar (con todo su equipaje) el d\u00eda que solicite. El servicio de taxi tambi\u00e9n est\u00e1 disponible para grupos grandes (normalmente de hasta 14 personas con su respectivo equipaje) que deseen viajar entre las ciudades de Marrakech y Casablanca, Agadir o Essaouira. Cabe tambi\u00e9n se\u00f1alar que muchos de los traslados en taxi atraviesan paisajes marroqu\u00edes de asombrosa belleza natural y maravilla sahariana. Los traslados en taxi tienen lugar en veh\u00edculos con aire acondicionado conducidos por profesionales.<\/p>\n<\/div>\n<\/div>\n<div class=\"ppb_tour one withpadding nopadding \" >\n<div class=\"page_content_wrapper \" style=\"text-align:center\">\n<div class=\"portfolio_filter_wrapper three_cols shortcode gallery section content clearfix\">\n<div class=\"element portfolio3filter_wrapper\">\n<div class=\"one_third gallery3 filterable gallery_type animated1\"><a href=\"http:\/\/igomorocco.com\/es\/tours\/traslados-desde-marrakech-a-essaouira\/\"><br \/>\n        \t\t    <img decoding=\"async\" src=\"http:\/\/igomorocco.com\/wp-content\/uploads\/2018\/12\/Essaouira_1710-560x460.jpg\" alt=\"\" \/><br \/>\n        \t\t<\/a><\/p>\n<div class=\"thumb_content  \">\n<div class=\"thumb_title\">\n<h3>Taxi desde Marrakech a Essaouira, o Essaouira a Marrakech<\/h3>\n<\/p><\/div>\n<div class=\"thumb_meta\">\n<div class=\"tour_days\">\n\t            \t\t1 Day\n\t            \t<\/div>\n<div class=\"tour_price\">\n\t            \t\t\u20ac85\n\t            \t<\/div>\n<\/div>\n<\/div>\n<\/div>\n<\/div>\n<div class=\"element portfolio3filter_wrapper\">\n<div class=\"one_third gallery3 filterable gallery_type animated2\"><a href=\"http:\/\/igomorocco.com\/es\/tours\/traslado-privado-desde-marrakech-a-casablanca\/\"><br \/>\n        \t\t    <img decoding=\"async\" src=\"http:\/\/igomorocco.com\/wp-content\/uploads\/2018\/12\/videoblocks-casablanca-flight-boarding-now-in-the-airport-terminal-travelling-to-morocco-conceptual-intro-animation-3d-rendering_snbbx8bwbz_thumbnail-full01-560x460.png\" alt=\"\" \/><br \/>\n        \t\t<\/a><\/p>\n<div class=\"thumb_content  \">\n<div class=\"thumb_title\">\n<h3>Marrakech a Casablanca, Casablanca a Marrakech<\/h3>\n<\/p><\/div>\n<div class=\"thumb_meta\">\n<div class=\"tour_days\">\n\t            \t\t1 Day\n\t            \t<\/div>\n<div class=\"tour_price\">\n\t            \t\t\u20ac109\n\t            \t<\/div>\n<\/div>\n<\/div>\n<\/div>\n<\/div>\n<div class=\"element portfolio3filter_wrapper\">\n<div class=\"one_third gallery3 filterable gallery_type animated3\"><a href=\"http:\/\/igomorocco.com\/es\/tours\/taxi-desde-marrakech-a-agadir\/\"><br \/>\n        \t\t    <img decoding=\"async\" src=\"http:\/\/igomorocco.com\/wp-content\/uploads\/2018\/12\/image_03-560x460.jpg\" alt=\"\" \/><br \/>\n        \t\t<\/a><\/p>\n<div class=\"thumb_content  \">\n<div class=\"thumb_title\">\n<h3>Translado en taxi desde Marrakech a Agadir, o Agadir a Marrakech<\/h3>\n<\/p><\/div>\n<div class=\"thumb_meta\">\n<div class=\"tour_days\">\n\t            \t\t1 Day\n\t            \t<\/div>\n<div class=\"tour_price\">\n\t            \t\t\u20ac109\n\t            \t<\/div>\n<\/div>\n<\/div>\n<\/div>\n<\/div>\n<\/div>\n<\/div>\n<\/div>\n<div class=\"divider one\">&nbsp;<\/div>\n<\/div>\n","protected":false},"excerpt":{"rendered":"<div class='e-content p-summary'>Translados en Taxi en Marrakech Al llegar a tierras extranjeras sabemos poco sobre el sistema de transporte p\u00fablico del pa\u00eds de destino y solemos preocuparnos de dos factores: de un lado, de c\u00f3mo llegar a nuestro hotel desde el aeropuerto y, de otro, de c\u00f3mo viajar [&hellip;]<\/div>\n","protected":false},"author":2,"featured_media":4230,"parent":0,"menu_order":0,"comment_status":"close","ping_status":"closed","template":"","meta":{"footnotes":""},"class_list":["post-4228","page","type-page","status-publish","has-post-thumbnail"],"yoast_head":"<!-- This site is optimized with the Yoast SEO Premium plugin v26.4 (Yoast SEO v26.8) - https:\/\/yoast.com\/product\/yoast-seo-premium-wordpress\/ -->\n<title>Traslados en taxi Marrakech &#8211; IGoMorocco - Marrakech Desert Tours &amp; Day Trips<\/title>\n<meta name=\"description\" content=\"Translados en Taxi en Marrakech Al llegar a tierras extranjeras sabemos poco sobre el sistema de transporte p\u00fablico del pa\u00eds de destino y solemos\" \/>\n<meta name=\"robots\" content=\"index, follow, max-snippet:-1, max-image-preview:large, max-video-preview:-1\" \/>\n<link rel=\"canonical\" href=\"https:\/\/www.igomorocco.com\/es\/taxi-marrakech\/\" \/>\n<meta name=\"twitter:card\" content=\"summary_large_image\" \/>\n<meta name=\"twitter:title\" content=\"Traslados en taxi Marrakech &#8211; IGoMorocco - Marrakech Desert Tours &amp; Day Trips\" \/>\n<meta name=\"twitter:description\" content=\"Translados en Taxi en Marrakech Al llegar a tierras extranjeras sabemos poco sobre el sistema de transporte p\u00fablico del pa\u00eds de destino y solemos\" \/>\n<meta name=\"twitter:image\" content=\"https:\/\/www.igomorocco.com\/wp-content\/uploads\/2018\/12\/airport-transfer-hero.jpg\" \/>\n<meta name=\"twitter:label1\" content=\"Tiempo de lectura\" \/>\n\t<meta name=\"twitter:data1\" content=\"2 minutos\" \/>\n<script type=\"application\/ld+json\" class=\"yoast-schema-graph\">{\"@context\":\"https:\/\/schema.org\",\"@graph\":[{\"@type\":\"WebPage\",\"@id\":\"https:\/\/www.igomorocco.com\/es\/taxi-marrakech\/\",\"url\":\"https:\/\/www.igomorocco.com\/es\/taxi-marrakech\/\",\"name\":\"Traslados en taxi Marrakech &#8211; IGoMorocco - Marrakech Desert Tours &amp; Day Trips\",\"isPartOf\":{\"@id\":\"https:\/\/www.igomorocco.com\/es\/#website\"},\"primaryImageOfPage\":{\"@id\":\"https:\/\/www.igomorocco.com\/es\/taxi-marrakech\/#primaryimage\"},\"image\":{\"@id\":\"https:\/\/www.igomorocco.com\/es\/taxi-marrakech\/#primaryimage\"},\"thumbnailUrl\":\"https:\/\/www.igomorocco.com\/wp-content\/uploads\/2018\/12\/airport-transfer-hero.jpg\",\"datePublished\":\"2018-12-10T16:49:33+00:00\",\"dateModified\":\"2019-02-04T13:48:41+00:00\",\"description\":\"Translados en Taxi en Marrakech Al llegar a tierras extranjeras sabemos poco sobre el sistema de transporte p\u00fablico del pa\u00eds de destino y solemos\",\"breadcrumb\":{\"@id\":\"https:\/\/www.igomorocco.com\/es\/taxi-marrakech\/#breadcrumb\"},\"inLanguage\":\"es\",\"potentialAction\":[{\"@type\":\"ReadAction\",\"target\":[\"https:\/\/www.igomorocco.com\/es\/taxi-marrakech\/\"]}]},{\"@type\":\"ImageObject\",\"inLanguage\":\"es\",\"@id\":\"https:\/\/www.igomorocco.com\/es\/taxi-marrakech\/#primaryimage\",\"url\":\"https:\/\/www.igomorocco.com\/wp-content\/uploads\/2018\/12\/airport-transfer-hero.jpg\",\"contentUrl\":\"https:\/\/www.igomorocco.com\/wp-content\/uploads\/2018\/12\/airport-transfer-hero.jpg\",\"width\":1920,\"height\":720,\"caption\":\"taxi\"},{\"@type\":\"BreadcrumbList\",\"@id\":\"https:\/\/www.igomorocco.com\/es\/taxi-marrakech\/#breadcrumb\",\"itemListElement\":[{\"@type\":\"ListItem\",\"position\":1,\"name\":\"Home\",\"item\":\"https:\/\/www.igomorocco.com\/es\/\"},{\"@type\":\"ListItem\",\"position\":2,\"name\":\"Traslados en taxi Marrakech\"}]},{\"@type\":\"WebSite\",\"@id\":\"https:\/\/www.igomorocco.com\/es\/#website\",\"url\":\"https:\/\/www.igomorocco.com\/es\/\",\"name\":\"IGoMorocco - Marrakech Desert Tours &amp; Day Trips\",\"description\":\"\",\"publisher\":{\"@id\":\"https:\/\/www.igomorocco.com\/es\/#organization\"},\"potentialAction\":[{\"@type\":\"SearchAction\",\"target\":{\"@type\":\"EntryPoint\",\"urlTemplate\":\"https:\/\/www.igomorocco.com\/es\/?s={search_term_string}\"},\"query-input\":{\"@type\":\"PropertyValueSpecification\",\"valueRequired\":true,\"valueName\":\"search_term_string\"}}],\"inLanguage\":\"es\"},{\"@type\":\"Organization\",\"@id\":\"https:\/\/www.igomorocco.com\/es\/#organization\",\"name\":\"IGoMorocco\",\"url\":\"https:\/\/www.igomorocco.com\/es\/\",\"logo\":{\"@type\":\"ImageObject\",\"inLanguage\":\"es\",\"@id\":\"https:\/\/www.igomorocco.com\/es\/#\/schema\/logo\/image\/\",\"url\":\"https:\/\/www.igomorocco.com\/wp-content\/uploads\/2021\/10\/Logo-I-GO-MOROCCO-01-1.png\",\"contentUrl\":\"https:\/\/www.igomorocco.com\/wp-content\/uploads\/2021\/10\/Logo-I-GO-MOROCCO-01-1.png\",\"width\":4961,\"height\":1772,\"caption\":\"IGoMorocco\"},\"image\":{\"@id\":\"https:\/\/www.igomorocco.com\/es\/#\/schema\/logo\/image\/\"}}]}<\/script>\n<!-- \/ Yoast SEO Premium plugin. -->","yoast_head_json":{"title":"Traslados en taxi Marrakech &#8211; IGoMorocco - Marrakech Desert Tours &amp; Day Trips","description":"Translados en Taxi en Marrakech Al llegar a tierras extranjeras sabemos poco sobre el sistema de transporte p\u00fablico del pa\u00eds de destino y solemos","robots":{"index":"index","follow":"follow","max-snippet":"max-snippet:-1","max-image-preview":"max-image-preview:large","max-video-preview":"max-video-preview:-1"},"canonical":"https:\/\/www.igomorocco.com\/es\/taxi-marrakech\/","twitter_card":"summary_large_image","twitter_title":"Traslados en taxi Marrakech &#8211; IGoMorocco - Marrakech Desert Tours &amp; Day Trips","twitter_description":"Translados en Taxi en Marrakech Al llegar a tierras extranjeras sabemos poco sobre el sistema de transporte p\u00fablico del pa\u00eds de destino y solemos","twitter_image":"https:\/\/www.igomorocco.com\/wp-content\/uploads\/2018\/12\/airport-transfer-hero.jpg","twitter_misc":{"Tiempo de lectura":"2 minutos"},"schema":{"@context":"https:\/\/schema.org","@graph":[{"@type":"WebPage","@id":"https:\/\/www.igomorocco.com\/es\/taxi-marrakech\/","url":"https:\/\/www.igomorocco.com\/es\/taxi-marrakech\/","name":"Traslados en taxi Marrakech &#8211; IGoMorocco - Marrakech Desert Tours &amp; Day Trips","isPartOf":{"@id":"https:\/\/www.igomorocco.com\/es\/#website"},"primaryImageOfPage":{"@id":"https:\/\/www.igomorocco.com\/es\/taxi-marrakech\/#primaryimage"},"image":{"@id":"https:\/\/www.igomorocco.com\/es\/taxi-marrakech\/#primaryimage"},"thumbnailUrl":"https:\/\/www.igomorocco.com\/wp-content\/uploads\/2018\/12\/airport-transfer-hero.jpg","datePublished":"2018-12-10T16:49:33+00:00","dateModified":"2019-02-04T13:48:41+00:00","description":"Translados en Taxi en Marrakech Al llegar a tierras extranjeras sabemos poco sobre el sistema de transporte p\u00fablico del pa\u00eds de destino y solemos","breadcrumb":{"@id":"https:\/\/www.igomorocco.com\/es\/taxi-marrakech\/#breadcrumb"},"inLanguage":"es","potentialAction":[{"@type":"ReadAction","target":["https:\/\/www.igomorocco.com\/es\/taxi-marrakech\/"]}]},{"@type":"ImageObject","inLanguage":"es","@id":"https:\/\/www.igomorocco.com\/es\/taxi-marrakech\/#primaryimage","url":"https:\/\/www.igomorocco.com\/wp-content\/uploads\/2018\/12\/airport-transfer-hero.jpg","contentUrl":"https:\/\/www.igomorocco.com\/wp-content\/uploads\/2018\/12\/airport-transfer-hero.jpg","width":1920,"height":720,"caption":"taxi"},{"@type":"BreadcrumbList","@id":"https:\/\/www.igomorocco.com\/es\/taxi-marrakech\/#breadcrumb","itemListElement":[{"@type":"ListItem","position":1,"name":"Home","item":"https:\/\/www.igomorocco.com\/es\/"},{"@type":"ListItem","position":2,"name":"Traslados en taxi Marrakech"}]},{"@type":"WebSite","@id":"https:\/\/www.igomorocco.com\/es\/#website","url":"https:\/\/www.igomorocco.com\/es\/","name":"IGoMorocco - Marrakech Desert Tours &amp; Day Trips","description":"","publisher":{"@id":"https:\/\/www.igomorocco.com\/es\/#organization"},"potentialAction":[{"@type":"SearchAction","target":{"@type":"EntryPoint","urlTemplate":"https:\/\/www.igomorocco.com\/es\/?s={search_term_string}"},"query-input":{"@type":"PropertyValueSpecification","valueRequired":true,"valueName":"search_term_string"}}],"inLanguage":"es"},{"@type":"Organization","@id":"https:\/\/www.igomorocco.com\/es\/#organization","name":"IGoMorocco","url":"https:\/\/www.igomorocco.com\/es\/","logo":{"@type":"ImageObject","inLanguage":"es","@id":"https:\/\/www.igomorocco.com\/es\/#\/schema\/logo\/image\/","url":"https:\/\/www.igomorocco.com\/wp-content\/uploads\/2021\/10\/Logo-I-GO-MOROCCO-01-1.png","contentUrl":"https:\/\/www.igomorocco.com\/wp-content\/uploads\/2021\/10\/Logo-I-GO-MOROCCO-01-1.png","width":4961,"height":1772,"caption":"IGoMorocco"},"image":{"@id":"https:\/\/www.igomorocco.com\/es\/#\/schema\/logo\/image\/"}}]}},"_links":{"self":[{"href":"https:\/\/www.igomorocco.com\/es\/wp-json\/wp\/v2\/pages\/4228","targetHints":{"allow":["GET"]}}],"collection":[{"href":"https:\/\/www.igomorocco.com\/es\/wp-json\/wp\/v2\/pages"}],"about":[{"href":"https:\/\/www.igomorocco.com\/es\/wp-json\/wp\/v2\/types\/page"}],"author":[{"embeddable":true,"href":"https:\/\/www.igomorocco.com\/es\/wp-json\/wp\/v2\/users\/2"}],"replies":[{"embeddable":true,"href":"https:\/\/www.igomorocco.com\/es\/wp-json\/wp\/v2\/comments?post=4228"}],"version-history":[{"count":0,"href":"https:\/\/www.igomorocco.com\/es\/wp-json\/wp\/v2\/pages\/4228\/revisions"}],"wp:featuredmedia":[{"embeddable":true,"href":"https:\/\/www.igomorocco.com\/es\/wp-json\/wp\/v2\/media\/4230"}],"wp:attachment":[{"href":"https:\/\/www.igomorocco.com\/es\/wp-json\/wp\/v2\/media?parent=4228"}],"curies":[{"name":"wp","href":"https:\/\/api.w.org\/{rel}","templated":true}]}}