{"id":4224,"date":"2014-10-14T09:29:24","date_gmt":"2014-10-14T09:29:24","guid":{"rendered":"https:\/\/www.igomorocco.com\/contact-us\/"},"modified":"2021-10-05T11:20:49","modified_gmt":"2021-10-05T09:20:49","slug":"contact-us","status":"publish","type":"page","link":"https:\/\/www.igomorocco.com\/es\/contact-us\/","title":{"rendered":"Contact Us"},"content":{"rendered":"<div class='e-content'>\n<div class=\"wpcf7 no-js\" id=\"wpcf7-f5367-o1\" lang=\"en-US\" dir=\"ltr\" data-wpcf7-id=\"5367\">\n<div class=\"screen-reader-response\"><p role=\"status\" aria-live=\"polite\" aria-atomic=\"true\"><\/p> <ul><\/ul><\/div>\n<form action=\"\/es\/wp-json\/wp\/v2\/pages\/4224#wpcf7-f5367-o1\" method=\"post\" class=\"wpcf7-form init\" aria-label=\"Contact form\" novalidate=\"novalidate\" data-status=\"init\">\n<fieldset class=\"hidden-fields-container\"><input type=\"hidden\" name=\"_wpcf7\" value=\"5367\" \/><input type=\"hidden\" name=\"_wpcf7_version\" value=\"6.1.5\" \/><input type=\"hidden\" name=\"_wpcf7_locale\" value=\"en_US\" \/><input type=\"hidden\" name=\"_wpcf7_unit_tag\" value=\"wpcf7-f5367-o1\" \/><input type=\"hidden\" name=\"_wpcf7_container_post\" value=\"0\" \/><input type=\"hidden\" name=\"_wpcf7_posted_data_hash\" value=\"\" \/>\n<\/fieldset>\n<p><label> Your Name (required)<br \/>\n<span class=\"wpcf7-form-control-wrap\" data-name=\"your-name\"><input size=\"40\" maxlength=\"400\" class=\"wpcf7-form-control wpcf7-text wpcf7-validates-as-required\" aria-required=\"true\" aria-invalid=\"false\" value=\"\" type=\"text\" name=\"your-name\" \/><\/span> <\/label>\n<\/p>\n<p><label> Your Email (required)<br \/>\n<span class=\"wpcf7-form-control-wrap\" data-name=\"your-email\"><input size=\"40\" maxlength=\"400\" class=\"wpcf7-form-control wpcf7-email wpcf7-validates-as-required wpcf7-text wpcf7-validates-as-email\" aria-required=\"true\" aria-invalid=\"false\" value=\"\" type=\"email\" name=\"your-email\" \/><\/span> <\/label>\n<\/p>\n<p><label> Subject (required)<br \/>\n<span class=\"wpcf7-form-control-wrap\" data-name=\"your-subject\"><input size=\"40\" maxlength=\"400\" class=\"wpcf7-form-control wpcf7-text wpcf7-validates-as-required\" aria-required=\"true\" aria-invalid=\"false\" value=\"\" type=\"text\" name=\"your-subject\" \/><\/span> <\/label>\n<\/p>\n<p><label> Your Message<br \/>\n<span class=\"wpcf7-form-control-wrap\" data-name=\"your-message\"><textarea cols=\"40\" rows=\"10\" maxlength=\"2000\" class=\"wpcf7-form-control wpcf7-textarea\" aria-invalid=\"false\" name=\"your-message\"><\/textarea><\/span> <\/label>\n<\/p>\n<p><input class=\"wpcf7-form-control wpcf7-submit has-spinner\" type=\"submit\" value=\"Submit Form\" \/>\n<\/p><div class=\"wpcf7-response-output\" aria-hidden=\"true\"><\/div>\n<\/form>\n<\/div>\n<\/div>\n","protected":false},"excerpt":{"rendered":"<div class='e-content p-summary'><\/div>\n","protected":false},"author":2,"featured_media":4225,"parent":0,"menu_order":0,"comment_status":"close","ping_status":"closed","template":"contact.php","meta":{"footnotes":""},"class_list":["post-4224","page","type-page","status-publish","has-post-thumbnail"],"yoast_head":"<!-- This site is optimized with the Yoast SEO Premium plugin v26.4 (Yoast SEO v26.8) - https:\/\/yoast.com\/product\/yoast-seo-premium-wordpress\/ -->\n<title>Contacto - I Go Morocco<\/title>\n<meta name=\"description\" content=\"Cont\u00e1ctenos ahora por correo electr\u00f3nico o Whatsapp: +212 609 001 138 y obtenga la mejor oferta para su excursi\u00f3n al desierto de Marruecos y excursiones de un d\u00eda desde Marrakech.\" \/>\n<meta name=\"robots\" content=\"index, follow, max-snippet:-1, max-image-preview:large, max-video-preview:-1\" \/>\n<link rel=\"canonical\" href=\"http:\/\/igomorocco.com\/contact-us\/\" \/>\n<meta name=\"twitter:card\" content=\"summary_large_image\" \/>\n<meta name=\"twitter:title\" content=\"Contacto - I Go Morocco\" \/>\n<meta name=\"twitter:description\" content=\"Cont\u00e1ctenos ahora por correo electr\u00f3nico o Whatsapp: +212 609 001 138 y obtenga la mejor oferta para su excursi\u00f3n al desierto de Marruecos y excursiones de un d\u00eda desde Marrakech.\" \/>\n<meta name=\"twitter:image\" content=\"https:\/\/www.igomorocco.com\/wp-content\/uploads\/2018\/12\/a09731c3e62e98cff3da6029899669dd.jpg\" \/>\n<script type=\"application\/ld+json\" class=\"yoast-schema-graph\">{\"@context\":\"https:\/\/schema.org\",\"@graph\":[{\"@type\":\"WebPage\",\"@id\":\"https:\/\/www.igomorocco.com\/es\/contact-us\/\",\"url\":\"http:\/\/igomorocco.com\/contact-us\/\",\"name\":\"Contacto - I Go Morocco\",\"isPartOf\":{\"@id\":\"https:\/\/www.igomorocco.com\/es\/#website\"},\"primaryImageOfPage\":{\"@id\":\"http:\/\/igomorocco.com\/contact-us\/#primaryimage\"},\"image\":{\"@id\":\"http:\/\/igomorocco.com\/contact-us\/#primaryimage\"},\"thumbnailUrl\":\"https:\/\/www.igomorocco.com\/wp-content\/uploads\/2018\/12\/a09731c3e62e98cff3da6029899669dd.jpg\",\"datePublished\":\"2014-10-14T09:29:24+00:00\",\"dateModified\":\"2021-10-05T09:20:49+00:00\",\"description\":\"Cont\u00e1ctenos ahora por correo electr\u00f3nico o Whatsapp: +212 609 001 138 y obtenga la mejor oferta para su excursi\u00f3n al desierto de Marruecos y excursiones de un d\u00eda desde Marrakech.\",\"breadcrumb\":{\"@id\":\"http:\/\/igomorocco.com\/contact-us\/#breadcrumb\"},\"inLanguage\":\"es\",\"potentialAction\":[{\"@type\":\"ReadAction\",\"target\":[\"http:\/\/igomorocco.com\/contact-us\/\"]}]},{\"@type\":\"ImageObject\",\"inLanguage\":\"es\",\"@id\":\"http:\/\/igomorocco.com\/contact-us\/#primaryimage\",\"url\":\"https:\/\/www.igomorocco.com\/wp-content\/uploads\/2018\/12\/a09731c3e62e98cff3da6029899669dd.jpg\",\"contentUrl\":\"https:\/\/www.igomorocco.com\/wp-content\/uploads\/2018\/12\/a09731c3e62e98cff3da6029899669dd.jpg\",\"width\":1920,\"height\":1080,\"caption\":\"5 D\u00cdAS TOUR POR EL DESIERTO DEL SAHARA\"},{\"@type\":\"BreadcrumbList\",\"@id\":\"http:\/\/igomorocco.com\/contact-us\/#breadcrumb\",\"itemListElement\":[{\"@type\":\"ListItem\",\"position\":1,\"name\":\"Home\",\"item\":\"https:\/\/www.igomorocco.com\/es\/\"},{\"@type\":\"ListItem\",\"position\":2,\"name\":\"Contact Us\"}]},{\"@type\":\"WebSite\",\"@id\":\"https:\/\/www.igomorocco.com\/es\/#website\",\"url\":\"https:\/\/www.igomorocco.com\/es\/\",\"name\":\"IGoMorocco - Marrakech Desert Tours &amp; Day Trips\",\"description\":\"\",\"publisher\":{\"@id\":\"https:\/\/www.igomorocco.com\/es\/#organization\"},\"potentialAction\":[{\"@type\":\"SearchAction\",\"target\":{\"@type\":\"EntryPoint\",\"urlTemplate\":\"https:\/\/www.igomorocco.com\/es\/?s={search_term_string}\"},\"query-input\":{\"@type\":\"PropertyValueSpecification\",\"valueRequired\":true,\"valueName\":\"search_term_string\"}}],\"inLanguage\":\"es\"},{\"@type\":\"Organization\",\"@id\":\"https:\/\/www.igomorocco.com\/es\/#organization\",\"name\":\"IGoMorocco\",\"url\":\"https:\/\/www.igomorocco.com\/es\/\",\"logo\":{\"@type\":\"ImageObject\",\"inLanguage\":\"es\",\"@id\":\"https:\/\/www.igomorocco.com\/es\/#\/schema\/logo\/image\/\",\"url\":\"https:\/\/www.igomorocco.com\/wp-content\/uploads\/2021\/10\/Logo-I-GO-MOROCCO-01-1.png\",\"contentUrl\":\"https:\/\/www.igomorocco.com\/wp-content\/uploads\/2021\/10\/Logo-I-GO-MOROCCO-01-1.png\",\"width\":4961,\"height\":1772,\"caption\":\"IGoMorocco\"},\"image\":{\"@id\":\"https:\/\/www.igomorocco.com\/es\/#\/schema\/logo\/image\/\"}}]}<\/script>\n<!-- \/ Yoast SEO Premium plugin. -->","yoast_head_json":{"title":"Contacto - I Go Morocco","description":"Cont\u00e1ctenos ahora por correo electr\u00f3nico o Whatsapp: +212 609 001 138 y obtenga la mejor oferta para su excursi\u00f3n al desierto de Marruecos y excursiones de un d\u00eda desde Marrakech.","robots":{"index":"index","follow":"follow","max-snippet":"max-snippet:-1","max-image-preview":"max-image-preview:large","max-video-preview":"max-video-preview:-1"},"canonical":"http:\/\/igomorocco.com\/contact-us\/","twitter_card":"summary_large_image","twitter_title":"Contacto - I Go Morocco","twitter_description":"Cont\u00e1ctenos ahora por correo electr\u00f3nico o Whatsapp: +212 609 001 138 y obtenga la mejor oferta para su excursi\u00f3n al desierto de Marruecos y excursiones de un d\u00eda desde Marrakech.","twitter_image":"https:\/\/www.igomorocco.com\/wp-content\/uploads\/2018\/12\/a09731c3e62e98cff3da6029899669dd.jpg","schema":{"@context":"https:\/\/schema.org","@graph":[{"@type":"WebPage","@id":"https:\/\/www.igomorocco.com\/es\/contact-us\/","url":"http:\/\/igomorocco.com\/contact-us\/","name":"Contacto - I Go Morocco","isPartOf":{"@id":"https:\/\/www.igomorocco.com\/es\/#website"},"primaryImageOfPage":{"@id":"http:\/\/igomorocco.com\/contact-us\/#primaryimage"},"image":{"@id":"http:\/\/igomorocco.com\/contact-us\/#primaryimage"},"thumbnailUrl":"https:\/\/www.igomorocco.com\/wp-content\/uploads\/2018\/12\/a09731c3e62e98cff3da6029899669dd.jpg","datePublished":"2014-10-14T09:29:24+00:00","dateModified":"2021-10-05T09:20:49+00:00","description":"Cont\u00e1ctenos ahora por correo electr\u00f3nico o Whatsapp: +212 609 001 138 y obtenga la mejor oferta para su excursi\u00f3n al desierto de Marruecos y excursiones de un d\u00eda desde Marrakech.","breadcrumb":{"@id":"http:\/\/igomorocco.com\/contact-us\/#breadcrumb"},"inLanguage":"es","potentialAction":[{"@type":"ReadAction","target":["http:\/\/igomorocco.com\/contact-us\/"]}]},{"@type":"ImageObject","inLanguage":"es","@id":"http:\/\/igomorocco.com\/contact-us\/#primaryimage","url":"https:\/\/www.igomorocco.com\/wp-content\/uploads\/2018\/12\/a09731c3e62e98cff3da6029899669dd.jpg","contentUrl":"https:\/\/www.igomorocco.com\/wp-content\/uploads\/2018\/12\/a09731c3e62e98cff3da6029899669dd.jpg","width":1920,"height":1080,"caption":"5 D\u00cdAS TOUR POR EL DESIERTO DEL SAHARA"},{"@type":"BreadcrumbList","@id":"http:\/\/igomorocco.com\/contact-us\/#breadcrumb","itemListElement":[{"@type":"ListItem","position":1,"name":"Home","item":"https:\/\/www.igomorocco.com\/es\/"},{"@type":"ListItem","position":2,"name":"Contact Us"}]},{"@type":"WebSite","@id":"https:\/\/www.igomorocco.com\/es\/#website","url":"https:\/\/www.igomorocco.com\/es\/","name":"IGoMorocco - Marrakech Desert Tours &amp; Day Trips","description":"","publisher":{"@id":"https:\/\/www.igomorocco.com\/es\/#organization"},"potentialAction":[{"@type":"SearchAction","target":{"@type":"EntryPoint","urlTemplate":"https:\/\/www.igomorocco.com\/es\/?s={search_term_string}"},"query-input":{"@type":"PropertyValueSpecification","valueRequired":true,"valueName":"search_term_string"}}],"inLanguage":"es"},{"@type":"Organization","@id":"https:\/\/www.igomorocco.com\/es\/#organization","name":"IGoMorocco","url":"https:\/\/www.igomorocco.com\/es\/","logo":{"@type":"ImageObject","inLanguage":"es","@id":"https:\/\/www.igomorocco.com\/es\/#\/schema\/logo\/image\/","url":"https:\/\/www.igomorocco.com\/wp-content\/uploads\/2021\/10\/Logo-I-GO-MOROCCO-01-1.png","contentUrl":"https:\/\/www.igomorocco.com\/wp-content\/uploads\/2021\/10\/Logo-I-GO-MOROCCO-01-1.png","width":4961,"height":1772,"caption":"IGoMorocco"},"image":{"@id":"https:\/\/www.igomorocco.com\/es\/#\/schema\/logo\/image\/"}}]}},"_links":{"self":[{"href":"https:\/\/www.igomorocco.com\/es\/wp-json\/wp\/v2\/pages\/4224","targetHints":{"allow":["GET"]}}],"collection":[{"href":"https:\/\/www.igomorocco.com\/es\/wp-json\/wp\/v2\/pages"}],"about":[{"href":"https:\/\/www.igomorocco.com\/es\/wp-json\/wp\/v2\/types\/page"}],"author":[{"embeddable":true,"href":"https:\/\/www.igomorocco.com\/es\/wp-json\/wp\/v2\/users\/2"}],"replies":[{"embeddable":true,"href":"https:\/\/www.igomorocco.com\/es\/wp-json\/wp\/v2\/comments?post=4224"}],"version-history":[{"count":0,"href":"https:\/\/www.igomorocco.com\/es\/wp-json\/wp\/v2\/pages\/4224\/revisions"}],"wp:featuredmedia":[{"embeddable":true,"href":"https:\/\/www.igomorocco.com\/es\/wp-json\/wp\/v2\/media\/4225"}],"wp:attachment":[{"href":"https:\/\/www.igomorocco.com\/es\/wp-json\/wp\/v2\/media?parent=4224"}],"curies":[{"name":"wp","href":"https:\/\/api.w.org\/{rel}","templated":true}]}}